{"id":101,"date":"2016-03-28T14:15:55","date_gmt":"2016-03-28T19:15:55","guid":{"rendered":"http:\/\/soyportal.mytompowelldesign.com\/?page_id=101"},"modified":"2023-06-27T08:50:13","modified_gmt":"2023-06-27T12:50:13","slug":"handling-and-transport","status":"publish","type":"page","link":"https:\/\/soycanada.ca\/fr\/handling-and-transport\/","title":{"rendered":"Manutention et transport"},"content":{"rendered":"<p>En tant que l&#039;une des plus grandes \u00e9conomies productrices d&#039;aliments au monde, le Canada est profond\u00e9ment investi dans le transport et la manutention du grain. Cet engagement signifie que les importateurs peuvent compter sur une livraison rapide, efficace et fiable, ce qui se traduit en fin de compte par une meilleure valeur lors de l&#039;achat de soya canadien.<\/p>\n<h3>Syst\u00e8me d&#039;ascenseur \u00e0 la pointe de la technologie<\/h3>\n<p>Les soci\u00e9t\u00e9s c\u00e9r\u00e9ali\u00e8res canadiennes \u00e9tendent constamment leur r\u00e9seau de silos \u00e0 haut d\u00e9bit et de terminaux int\u00e9rieurs. Bon nombre de ces installations peuvent s\u00e9parer des vari\u00e9t\u00e9s sp\u00e9cifiques et des traits de sp\u00e9cialit\u00e9 pour les acheteurs \u00e0 l&#039;aide du Syst\u00e8me canadien de reconnaissance de l&#039;identit\u00e9 pr\u00e9serv\u00e9e.<\/p>\n<p>De nombreuses installations disposent de s\u00e9parateurs \u00e0 rouleaux Harada modernes et d&#039;\u00e9quipements de tri optique, en plus de leurs excellentes lignes de traitement de nettoyeurs, trieurs par gravit\u00e9, d\u00e9noyauteurs et polissoirs. Cet \u00e9quipement garantit que le soja quitte l&#039;\u00e9l\u00e9vateur selon la norme de qualit\u00e9 sp\u00e9cifique \u00e0 laquelle le client s&#039;attend.<\/p>\n<p><strong>Silos primaires\/de traitement\u00a0:<\/strong><br \/>\nEnviron 370 \u00e9l\u00e9vateurs \u00e0 haut d\u00e9bit<br \/>\nPlus de 7 millions de tonnes de capacit\u00e9 de stockage<\/p>\n<p><strong>Ascenseurs terminaux\u00a0:<\/strong><br \/>\n15 ascenseurs terminaux<br \/>\nPlus de 2,4 millions de tonnes de capacit\u00e9 de stockage<\/p>\n<h3>De vastes liaisons de transport<\/h3>\n<p>Les \u00e9l\u00e9vateurs \u00e0 grains sont reli\u00e9s aux ports de la c\u00f4te ouest et de l&#039;est du Canada par les voies de navigation et les voies ferr\u00e9es des Grands Lacs couvrant plus de 17 000 milles de voies.<\/p>\n<p>Les installations d&#039;exportation dans les ports ont la capacit\u00e9 de charger de gros navires, ce qui en fait une excellente alternative au d\u00e9part du golfe des \u00c9tats-Unis ou de l&#039;Am\u00e9rique du Sud.<\/p>","protected":false},"excerpt":{"rendered":"Le Canada, l\u2019une des plus grandes \u00e9conomies productrices d\u2019aliments au monde, est profond\u00e9ment investi dans le transport et la manutention des c\u00e9r\u00e9ales. Cet engagement signifie que les importateurs peuvent compter sur une livraison rapide, efficace et fiable, ce qui se traduit en fin de compte par une meilleure valeur lors de l\u2019achat de soja canadien. Un syst\u00e8me de silos \u00e0 la fine pointe de la technologie Les soci\u00e9t\u00e9s c\u00e9r\u00e9ali\u00e8res canadiennes \u00e9largissent constamment leur r\u00e9seau de silos \u00e0 haut d\u00e9bit et de terminaux int\u00e9rieurs. Bon nombre d\u2019entre eux\u2026","protected":false},"author":2,"featured_media":0,"parent":0,"menu_order":0,"comment_status":"closed","ping_status":"closed","template":"page-buycanadian-default.php","meta":{"_acf_changed":false,"footnotes":""},"class_list":["post-101","page","type-page","status-publish","hentry"],"acf":[],"aioseo_notices":[],"_links":{"self":[{"href":"https:\/\/soycanada.ca\/fr\/wp-json\/wp\/v2\/pages\/101","targetHints":{"allow":["GET"]}}],"collection":[{"href":"https:\/\/soycanada.ca\/fr\/wp-json\/wp\/v2\/pages"}],"about":[{"href":"https:\/\/soycanada.ca\/fr\/wp-json\/wp\/v2\/types\/page"}],"author":[{"embeddable":true,"href":"https:\/\/soycanada.ca\/fr\/wp-json\/wp\/v2\/users\/2"}],"replies":[{"embeddable":true,"href":"https:\/\/soycanada.ca\/fr\/wp-json\/wp\/v2\/comments?post=101"}],"version-history":[{"count":0,"href":"https:\/\/soycanada.ca\/fr\/wp-json\/wp\/v2\/pages\/101\/revisions"}],"wp:attachment":[{"href":"https:\/\/soycanada.ca\/fr\/wp-json\/wp\/v2\/media?parent=101"}],"curies":[{"name":"wp","href":"https:\/\/api.w.org\/{rel}","templated":true}]}}