{"id":149,"date":"2015-06-08T21:39:48","date_gmt":"2015-06-08T21:39:48","guid":{"rendered":"https:\/\/soycanada.ca\/?page_id=149"},"modified":"2026-02-11T09:20:23","modified_gmt":"2026-02-11T14:20:23","slug":"board","status":"publish","type":"page","link":"https:\/\/soycanada.ca\/fr\/about-us\/board\/","title":{"rendered":"Conseil d'administration"},"content":{"rendered":"<p><img fetchpriority=\"high\" decoding=\"async\" width=\"1200\" height=\"759\" class=\"size-full wp-image-63117 aligncenter\" src=\"https:\/\/soycanada.ca\/wp-content\/uploads\/2025\/06\/Board-photo-2025.jpg\" alt=\"\" srcset=\"https:\/\/soycanada.ca\/wp-content\/uploads\/2025\/06\/Board-photo-2025.jpg 1200w, https:\/\/soycanada.ca\/wp-content\/uploads\/2025\/06\/Board-photo-2025-250x158.jpg 250w, https:\/\/soycanada.ca\/wp-content\/uploads\/2025\/06\/Board-photo-2025-700x443.jpg 700w, https:\/\/soycanada.ca\/wp-content\/uploads\/2025\/06\/Board-photo-2025-768x486.jpg 768w, https:\/\/soycanada.ca\/wp-content\/uploads\/2025\/06\/Board-photo-2025-18x12.jpg 18w, https:\/\/soycanada.ca\/wp-content\/uploads\/2025\/06\/Board-photo-2025-900x569.jpg 900w, https:\/\/soycanada.ca\/wp-content\/uploads\/2025\/06\/Board-photo-2025-120x76.jpg 120w\" sizes=\"(max-width: 1200px) 100vw, 1200px\" \/><\/p>\n<p>&nbsp;<\/p>\n<ul>\n<li>Pr\u00e9sident \u2013 Jeff Barlow, Producteurs de grains de l&#039;Ontario<\/li>\n<li>Vice-pr\u00e9sident \u2013 Melvin Rattai, administrateur g\u00e9n\u00e9ral (Manitoba Pulse &amp; Soybean Growers)<\/li>\n<li>Tr\u00e9sori\u00e8re-Secr\u00e9taire \u2013 Michelle Wall, administratrice g\u00e9n\u00e9rale (Syngenta)<\/li>\n<li>Andrea Faubert, D\u00e9veloppeurs de semences (Corteva Agriscience)<\/li>\n<li>Colin Richardson, Exportateurs de produits alimentaires (Snobelen Farms)<\/li>\n<li>Jeff Wildeman, Processeurs (Bartlett)<\/li>\n<li>Frank Prince, Producteurs de l\u00e9gumineuses et de soja du Manitoba<\/li>\n<li>Jeff Stonehouse, Exportateurs de mati\u00e8res premi\u00e8res (The Andersons Canada)<\/li>\n<li>Ramzy Yelda, Producteurs de grains du Qu\u00e9bec<\/li>\n<li>Winston van Staveren, producteurs de l\u00e9gumineuses de la Saskatchewan<\/li>\n<li>Garth Baxter, directeur g\u00e9n\u00e9ral (AgriBax Global Inc.)<\/li>\n<li>Crosby Devitt, directeur g\u00e9n\u00e9ral (Producteurs de grains de l&#039;Ontario)<\/li>\n<\/ul>","protected":false},"excerpt":{"rendered":"&nbsp; Chair \u2013 Jeff Barlow, Grain Farmers of Ontario Vice Chair \u2013 Melvin Rattai, Director at Large (Manitoba Pulse &amp; Soybean Growers) Treasurer-Secretary \u2013 Michelle Wall, Director at Large (Syngenta) Andrea Faubert, Seed Developers (Corteva Agriscience) Colin Richardson, Food Grade Exporters (Snobelen Farms) Jeff Wildeman, Processors (Bartlett) Frank Prince, Manitoba Pulse &amp; Soybean Growers Jeff Stonehouse, Commodity Exporters (The Andersons&hellip;","protected":false},"author":2,"featured_media":0,"parent":5,"menu_order":0,"comment_status":"closed","ping_status":"closed","template":"page-about.php","meta":{"_acf_changed":false,"footnotes":""},"class_list":["post-149","page","type-page","status-publish","hentry"],"acf":[],"aioseo_notices":[],"_links":{"self":[{"href":"https:\/\/soycanada.ca\/fr\/wp-json\/wp\/v2\/pages\/149","targetHints":{"allow":["GET"]}}],"collection":[{"href":"https:\/\/soycanada.ca\/fr\/wp-json\/wp\/v2\/pages"}],"about":[{"href":"https:\/\/soycanada.ca\/fr\/wp-json\/wp\/v2\/types\/page"}],"author":[{"embeddable":true,"href":"https:\/\/soycanada.ca\/fr\/wp-json\/wp\/v2\/users\/2"}],"replies":[{"embeddable":true,"href":"https:\/\/soycanada.ca\/fr\/wp-json\/wp\/v2\/comments?post=149"}],"version-history":[{"count":3,"href":"https:\/\/soycanada.ca\/fr\/wp-json\/wp\/v2\/pages\/149\/revisions"}],"predecessor-version":[{"id":63691,"href":"https:\/\/soycanada.ca\/fr\/wp-json\/wp\/v2\/pages\/149\/revisions\/63691"}],"up":[{"embeddable":true,"href":"https:\/\/soycanada.ca\/fr\/wp-json\/wp\/v2\/pages\/5"}],"wp:attachment":[{"href":"https:\/\/soycanada.ca\/fr\/wp-json\/wp\/v2\/media?parent=149"}],"curies":[{"name":"wp","href":"https:\/\/api.w.org\/{rel}","templated":true}]}}