{"id":155,"date":"2015-06-08T21:40:24","date_gmt":"2015-06-08T21:40:24","guid":{"rendered":"https:\/\/soycanada.ca\/?page_id=155"},"modified":"2024-11-05T14:54:05","modified_gmt":"2024-11-05T19:54:05","slug":"policy-positions","status":"publish","type":"page","link":"https:\/\/soycanada.ca\/fr\/about-us\/policy-positions\/","title":{"rendered":"Positions politiques"},"content":{"rendered":"<p>En tant que porte-parole de l&#039;industrie du soya, Soy Canada encourage les gouvernements au pays et \u00e0 l&#039;\u00e9tranger \u00e0 adopter des politiques publiques soutenant le succ\u00e8s de l&#039;ensemble de la cha\u00eene d&#039;approvisionnement du soya.<\/p>\n<p>L&#039;acc\u00e8s au march\u00e9 est l&#039;une de nos principales pr\u00e9occupations. Nous travaillons en collaboration avec le gouvernement canadien pour \u00e9liminer les obstacles au commerce, y compris les barri\u00e8res tarifaires et non tarifaires. Gr\u00e2ce \u00e0 des visites commerciales, nous tendons activement la main aux clients exportateurs pour \u00e9tablir des relations commerciales plus ouvertes et harmonieuses.<\/p>\n<p>Au Canada, nous promouvons une meilleure compr\u00e9hension de notre industrie et de son importance pour nous assurer que notre propre gouvernement tient compte de l&#039;impact des politiques. Notre objectif est d&#039;assurer une place \u00e0 la table pour le soya chaque fois que des d\u00e9cisions touchant notre industrie sont prises.<\/p>\n<p>Soy Canada soutient un environnement commercial ouvert, sans entrave et favorable pour toutes les parties prenantes. Soy Canada soutient les politiques et r\u00e9glementations gouvernementales qui reconnaissent et encouragent le leadership de la cha\u00eene de valeur des produits de base et la croissance des entreprises des installations. Soy Canada appuie les lois, politiques et r\u00e9glementations provinciales, f\u00e9d\u00e9rales et internationales fond\u00e9es sur la science<\/p>\n<p><strong>Acc\u00e8s \u00e0 la technologie de protection des cultures et \u00e0 l&#039;innovation en s\u00e9lection v\u00e9g\u00e9tale<\/strong><\/p>\n<p>Soy Canada soutient l&#039;introduction de technologies agricoles innovantes telles que l&#039;innovation en mati\u00e8re de s\u00e9lection v\u00e9g\u00e9tale et de produits de protection des cultures parall\u00e8lement \u00e0 l&#039;acceptation du march\u00e9. Soy Canada estime que les d\u00e9cisions r\u00e9glementaires concernant l&#039;acc\u00e8s aux technologies de protection des cultures doivent \u00eatre fond\u00e9es sur des donn\u00e9es scientifiques solides et tenir compte des donn\u00e9es et des informations les plus r\u00e9centes.<\/p>\n<p><strong>Commercialisation de nouveaux produits g\u00e9n\u00e9tiquement modifi\u00e9s (GM) et g\u00e9n\u00e9tiquement \u00e9dit\u00e9s (GE)<\/strong><\/p>\n<p>Soy Canada estime que les nouvelles semences de soja GM et transg\u00e9niques doivent tenir compte des principaux march\u00e9s d\u2019exportation du soja avant d\u2019\u00eatre commercialis\u00e9es pour la production au Canada. Toutes les vari\u00e9t\u00e9s d\u00e9velopp\u00e9es \u00e0 l\u2019aide de l\u2019\u00e9dition g\u00e9n\u00e9tique et commercialis\u00e9es au Canada doivent \u00eatre incluses dans la Base de donn\u00e9es canadienne sur la transparence des vari\u00e9t\u00e9s d\u00e8s leur commercialisation.<\/p>\n<p><strong>Synchronisation internationale des homologations GM et GE<\/strong><\/p>\n<p>Soy Canada soutient la synchronisation en temps opportun des approbations d&#039;\u00e9v\u00e9nements GM et GE et des proc\u00e9dures d&#039;approbation harmonis\u00e9es fond\u00e9es sur la science dans les march\u00e9s d&#039;exportation. Soy Canada respecte les politiques et r\u00e9glementations des approbations GM &amp; GE dans les pays importateurs sur la base d&#039;une science solide et du respect des lois, trait\u00e9s et conventions internationaux.<\/p>\n<p><strong>Pr\u00e9sence de bas niveau (LLP)<\/strong><\/p>\n<p>Soy Canada soutient le projet de cadre politique du gouvernement du Canada pour l&#039;adoption par les principales nations commer\u00e7antes du soja. Soy Canada estime que le gouvernement du Canada devrait s&#039;abstenir de mettre en \u0153uvre une politique nationale de LLP jusqu&#039;\u00e0 ce qu&#039;il y ait un accord suffisant entre les principales nations commer\u00e7antes de c\u00e9r\u00e9ales pour s&#039;engager collectivement \u00e0 une politique LLP.<\/p>\n<p><strong>Enregistrement de vari\u00e9t\u00e9<\/strong><\/p>\n<p>Soy Canada soutient un syst\u00e8me d&#039;enregistrement des vari\u00e9t\u00e9s au Canada qui reconna\u00eet et encourage le leadership des cha\u00eenes de valeur des produits de base. Soy Canada est la voix de r\u00e9f\u00e9rence de la cha\u00eene de valeur du soja au Canada.<\/p>\n<p><strong>Syst\u00e8me canadien de reconnaissance de la pr\u00e9servation de l&#039;identit\u00e9 (SCRIP)<\/strong><\/p>\n<p>Soy Canada soutient le programme CIPRS accr\u00e9dit\u00e9 par la Commission canadienne des grains (CCG). Soy Canada encourage fortement le maintien \u00e0 long terme du CIPRS et l&#039;am\u00e9lioration continue par la CCG.<\/p>\n<p><strong>\u00c9change international<\/strong><\/p>\n<p>Soy Canada soutient et encourage des environnements commerciaux nationaux et internationaux ouverts, \u00e9quitables, transparents et pr\u00e9visibles. Soja Canada appuie la r\u00e9duction et l&#039;\u00e9limination des tarifs et l&#039;\u00e9limination de la progressivit\u00e9 des tarifs dans le commerce international. L&#039;\u00e9laboration et la mise en \u0153uvre de la politique commerciale doivent viser \u00e0 assurer que l&#039;exportation de soja et de produits \u00e0 base de soja canadiens soit comp\u00e9titive par rapport aux autres pays exportateurs de soja et d&#039;autres ol\u00e9agineux concurrents.<\/p>\n<p><strong>Limites maximales de r\u00e9sidus (LMR)<\/strong><\/p>\n<p>Soja Canada soutient l&#039;\u00e9tablissement et le respect de LMR nationales et internationales fond\u00e9es sur des donn\u00e9es scientifiques li\u00e9es aux pesticides utilis\u00e9s dans l&#039;exportation de graines de soja et de produits \u00e0 base de soja. Soy Canada soutient l&#039;utilisation de LMR harmonis\u00e9es sur les march\u00e9s d&#039;importation, les examens conjoints des produits pesticides et la reconnaissance mutuelle des LMR entre les organismes de r\u00e9glementation. Dans les cas o\u00f9 le Canada ou les pays exportateurs manquent ou ont des LMR mal align\u00e9es, Soy Canada prend en charge\u00a0:<\/p>\n<ul>\n<li>L&#039;utilisation temporaire de la LMR du pays exportateur jusqu&#039;\u00e0 ce qu&#039;une LMR soit \u00e9tablie dans le pays importateur\u00a0; ou<\/li>\n<li>L&#039;utilisation d&#039;une LMR \u00e9tablie par le Codex<\/li>\n<\/ul>\n<p>Soy Canada appuie le concept d&#039;une politique d&#039;acceptation du march\u00e9 pour l&#039;utilisation des pesticides utilis\u00e9e pour identifier les march\u00e9s d&#039;int\u00e9r\u00eat, les pesticides et g\u00e9n\u00e9rer des \u00e9valuations des risques utilis\u00e9es pour produire des avis et des recommandations aux producteurs.<\/p>\n<p><strong>Enqu\u00eate annuelle sur la r\u00e9colte de soya de la Commission canadienne des grains (CCG)<\/strong><\/p>\n<p>Soy Canada appuie la participation des membres de la cha\u00eene de valeur du soya \u00e0 l&#039;enqu\u00eate annuelle sur la r\u00e9colte de soya de la CCG et la collecte d&#039;\u00e9chantillons r\u00e9gionaux et nationaux de soya aux fins d&#039;analyse physique et de composition.<\/p>\n<p><strong>Norme sur les carburants propres<\/strong><\/p>\n<p>Soy Canada croit que les biocarburants \u00e0 base de soya doivent \u00eatre reconnus et promus dans l&#039;\u00e9laboration de toute norme gouvernementale ou industrielle sur les carburants propres. Soy Canada soutient le d\u00e9veloppement et l&#039;utilisation de biocarburants canadiens \u00e0 base de soja au Canada et sur d&#039;autres march\u00e9s. Les crit\u00e8res de durabilit\u00e9 de la r\u00e9glementation canadienne sur les biocarburants devraient s&#039;appliquer globalement aux producteurs canadiens et refl\u00e9ter l&#039;impact positif et de longue date que les producteurs ont sur l&#039;utilisation des terres et la biodiversit\u00e9.<\/p>\n<p><strong>Durabilit\u00e9<\/strong><\/p>\n<p>Soy Canada reconna\u00eet l&#039;importance du capital naturel du Canada et s&#039;engage \u00e0 \u00eatre reconnue \u00e0 l&#039;\u00e9chelle internationale comme un chef de file mondial dans la production durable de soja de haute qualit\u00e9. Soy Canada appuie les efforts rentables, sans entraves et respectueux de la cha\u00eene de valeur visant \u00e0 am\u00e9liorer l&#039;environnement naturel qui soutient notre industrie. Par exemple, Soy Canada durable est disponible pour les clients qui ont besoin d&#039;un approvisionnement durable v\u00e9rifi\u00e9.<\/p>\n<p><strong>Traitement national<\/strong><\/p>\n<p>Soy Canada appuie fermement les initiatives visant \u00e0 am\u00e9liorer les capacit\u00e9s de transformation nationales au Canada, en s\u2019alignant sur la croissance de la production canadienne de soja.<\/p>\n<p><strong>Transport du grain<\/strong><\/p>\n<p>Soy Canada soutient des syst\u00e8mes de transport du grain comp\u00e9titifs, efficaces et fiables partout au Canada.<\/p>","protected":false},"excerpt":{"rendered":"En tant que porte-parole de l&#039;industrie du soya, Soy Canada encourage les gouvernements au pays et \u00e0 l&#039;\u00e9tranger \u00e0 adopter des politiques publiques soutenant le succ\u00e8s de l&#039;ensemble de la cha\u00eene d&#039;approvisionnement du soya. L&#039;acc\u00e8s au march\u00e9 est l&#039;une de nos principales pr\u00e9occupations. Nous travaillons en collaboration avec le gouvernement canadien pour \u00e9liminer les obstacles au commerce, y compris les barri\u00e8res tarifaires et non tarifaires. Gr\u00e2ce \u00e0 des visites commerciales, nous atteignons activement\u2026","protected":false},"author":2,"featured_media":0,"parent":5,"menu_order":0,"comment_status":"closed","ping_status":"closed","template":"page-about.php","meta":{"_acf_changed":false,"footnotes":""},"class_list":["post-155","page","type-page","status-publish","hentry"],"acf":[],"aioseo_notices":[],"_links":{"self":[{"href":"https:\/\/soycanada.ca\/fr\/wp-json\/wp\/v2\/pages\/155","targetHints":{"allow":["GET"]}}],"collection":[{"href":"https:\/\/soycanada.ca\/fr\/wp-json\/wp\/v2\/pages"}],"about":[{"href":"https:\/\/soycanada.ca\/fr\/wp-json\/wp\/v2\/types\/page"}],"author":[{"embeddable":true,"href":"https:\/\/soycanada.ca\/fr\/wp-json\/wp\/v2\/users\/2"}],"replies":[{"embeddable":true,"href":"https:\/\/soycanada.ca\/fr\/wp-json\/wp\/v2\/comments?post=155"}],"version-history":[{"count":5,"href":"https:\/\/soycanada.ca\/fr\/wp-json\/wp\/v2\/pages\/155\/revisions"}],"predecessor-version":[{"id":62502,"href":"https:\/\/soycanada.ca\/fr\/wp-json\/wp\/v2\/pages\/155\/revisions\/62502"}],"up":[{"embeddable":true,"href":"https:\/\/soycanada.ca\/fr\/wp-json\/wp\/v2\/pages\/5"}],"wp:attachment":[{"href":"https:\/\/soycanada.ca\/fr\/wp-json\/wp\/v2\/media?parent=155"}],"curies":[{"name":"wp","href":"https:\/\/api.w.org\/{rel}","templated":true}]}}