{"id":222,"date":"2022-01-18T10:41:46","date_gmt":"2022-01-18T15:41:46","guid":{"rendered":"http:\/\/buycanadiansoybeans.ca\/?page_id=222"},"modified":"2024-12-02T12:25:52","modified_gmt":"2024-12-02T17:25:52","slug":"database","status":"publish","type":"page","link":"https:\/\/soycanada.ca\/fr\/food-grade-soybeans\/database\/","title":{"rendered":"Recherche de vari\u00e9t\u00e9s de qualit\u00e9 alimentaire"},"content":{"rendered":"<p>Le moteur de recherche de vari\u00e9t\u00e9s comprend des donn\u00e9es provenant de plus de 2 000 \u00e9chantillons de vari\u00e9t\u00e9s de soja de qualit\u00e9 alimentaire actuellement test\u00e9s au Laboratoire de recherche sur les grains de la Commission canadienne des grains, un organisme gouvernemental du Canada. Des techniciens qualifi\u00e9s s&#039;appuient sur des ann\u00e9es d&#039;expertise en mati\u00e8re de qualit\u00e9 des grains canadiens pour effectuer des tests rigoureux, en utilisant des m\u00e9thodologies d\u00e9velopp\u00e9es au Centre de recherche et de d\u00e9veloppement de Harrow, auxquelles on fait confiance depuis des d\u00e9cennies.<\/p>\n\n\n\n<p><\/p>","protected":false},"excerpt":{"rendered":"Le moteur de recherche de vari\u00e9t\u00e9s comprend des donn\u00e9es provenant de plus de 2 000 \u00e9chantillons de vari\u00e9t\u00e9s de soja de qualit\u00e9 alimentaire actuellement test\u00e9s au Laboratoire de recherche sur les grains de la Commission canadienne des grains, un organisme gouvernemental du Canada. Des techniciens qualifi\u00e9s s&#039;appuient sur des ann\u00e9es d&#039;expertise en mati\u00e8re de qualit\u00e9 des grains canadiens pour effectuer des tests rigoureux, en utilisant des m\u00e9thodologies d\u00e9velopp\u00e9es au Centre de recherche et de d\u00e9veloppement de Harrow, auxquelles on fait confiance depuis des d\u00e9cennies.","protected":false},"author":2,"featured_media":0,"parent":59798,"menu_order":0,"comment_status":"closed","ping_status":"closed","template":"page-soydb-varieties.php","meta":{"_acf_changed":false,"footnotes":""},"class_list":["post-222","page","type-page","status-publish","hentry"],"acf":[],"aioseo_notices":[],"_links":{"self":[{"href":"https:\/\/soycanada.ca\/fr\/wp-json\/wp\/v2\/pages\/222","targetHints":{"allow":["GET"]}}],"collection":[{"href":"https:\/\/soycanada.ca\/fr\/wp-json\/wp\/v2\/pages"}],"about":[{"href":"https:\/\/soycanada.ca\/fr\/wp-json\/wp\/v2\/types\/page"}],"author":[{"embeddable":true,"href":"https:\/\/soycanada.ca\/fr\/wp-json\/wp\/v2\/users\/2"}],"replies":[{"embeddable":true,"href":"https:\/\/soycanada.ca\/fr\/wp-json\/wp\/v2\/comments?post=222"}],"version-history":[{"count":11,"href":"https:\/\/soycanada.ca\/fr\/wp-json\/wp\/v2\/pages\/222\/revisions"}],"predecessor-version":[{"id":62560,"href":"https:\/\/soycanada.ca\/fr\/wp-json\/wp\/v2\/pages\/222\/revisions\/62560"}],"up":[{"embeddable":true,"href":"https:\/\/soycanada.ca\/fr\/wp-json\/wp\/v2\/pages\/59798"}],"wp:attachment":[{"href":"https:\/\/soycanada.ca\/fr\/wp-json\/wp\/v2\/media?parent=222"}],"curies":[{"name":"wp","href":"https:\/\/api.w.org\/{rel}","templated":true}]}}