{"id":224,"date":"2022-01-18T11:01:24","date_gmt":"2022-01-18T17:01:24","guid":{"rendered":"http:\/\/buycanadiansoybeans.ca\/?page_id=224"},"modified":"2024-06-27T08:49:30","modified_gmt":"2024-06-27T12:49:30","slug":"single-variety-placeholder","status":"publish","type":"page","link":"https:\/\/soycanada.ca\/fr\/food-grade-soybeans\/database\/single-variety-placeholder\/","title":{"rendered":"Vari\u00e9t\u00e9 de soja"},"content":{"rendered":"<p>Ne supprimez pas cette page. Ce contenu ne sera pas affich\u00e9.<\/p>","protected":false},"excerpt":{"rendered":"Ne supprimez pas cette page. Ce contenu ne sera pas affich\u00e9.","protected":false},"author":2,"featured_media":0,"parent":222,"menu_order":0,"comment_status":"closed","ping_status":"closed","template":"page-soydb-single.php","meta":{"_acf_changed":false,"footnotes":""},"class_list":["post-224","page","type-page","status-publish","hentry"],"acf":[],"aioseo_notices":[],"_links":{"self":[{"href":"https:\/\/soycanada.ca\/fr\/wp-json\/wp\/v2\/pages\/224","targetHints":{"allow":["GET"]}}],"collection":[{"href":"https:\/\/soycanada.ca\/fr\/wp-json\/wp\/v2\/pages"}],"about":[{"href":"https:\/\/soycanada.ca\/fr\/wp-json\/wp\/v2\/types\/page"}],"author":[{"embeddable":true,"href":"https:\/\/soycanada.ca\/fr\/wp-json\/wp\/v2\/users\/2"}],"replies":[{"embeddable":true,"href":"https:\/\/soycanada.ca\/fr\/wp-json\/wp\/v2\/comments?post=224"}],"version-history":[{"count":0,"href":"https:\/\/soycanada.ca\/fr\/wp-json\/wp\/v2\/pages\/224\/revisions"}],"up":[{"embeddable":true,"href":"https:\/\/soycanada.ca\/fr\/wp-json\/wp\/v2\/pages\/222"}],"wp:attachment":[{"href":"https:\/\/soycanada.ca\/fr\/wp-json\/wp\/v2\/media?parent=224"}],"curies":[{"name":"wp","href":"https:\/\/api.w.org\/{rel}","templated":true}]}}