{"id":354,"date":"2015-06-11T20:14:16","date_gmt":"2015-06-11T20:14:16","guid":{"rendered":"https:\/\/soycanada.ca\/?page_id=354"},"modified":"2025-06-19T15:28:10","modified_gmt":"2025-06-19T19:28:10","slug":"publications","status":"publish","type":"page","link":"https:\/\/soycanada.ca\/fr\/resources\/publications\/","title":{"rendered":"Ouvrages"},"content":{"rendered":"<p><strong>Rapport annuel (2024-2025)<\/strong><br \/>\n<a href=\"https:\/\/soycanada.ca\/wp-content\/uploads\/2025\/06\/2024_Soy_Canada_Annual_Report_FR.pdf\" target=\"_blank\" rel=\"noopener\">T\u00e9l\u00e9charger le rapport<\/a>.<\/p>\n<p><strong>Plan strat\u00e9gique<\/strong><br \/>\n10 millions d&#039;acres d&#039;opportunit\u00e9s. <a href=\"https:\/\/soycanada.ca\/wp-content\/uploads\/2022\/06\/2021_Soy_Canada_Annual_Report_FRE.pdf\" target=\"_blank\" rel=\"noopener noreferrer\">T\u00e9l\u00e9chargez le rapport.<\/a><\/p>\n<p><strong>Assurance de la qualit\u00e9 du soya canadien de qualit\u00e9 alimentaire <\/strong><br \/>\nSoy Canada s&#039;est associ\u00e9 \u00e0 la Commission canadienne des grains, \u00e0 l&#039;Institut canadien des semences et \u00e0 l&#039;Association canadienne des producteurs de semences pour produire une brochure compl\u00e8te sur l&#039;assurance de la qualit\u00e9 pour le secteur du soya de qualit\u00e9 alimentaire au Canada. Cliquez sur la langue de votre choix :<\/p>\n<p><a class=\"btn-soy\" href=\"https:\/\/soycanada.ca\/fr\/quality-assurance-brochure-en\/\" rel=\"noopener noreferrer\">Anglais<\/a> <a class=\"btn-soy\" href=\"https:\/\/soycanada.ca\/wp-content\/uploads\/2015\/06\/11237-SOY-QualityAssuranceBrochureFR-SINGLE_PAGES-July2017-FNL.pdf\" target=\"_blank\" rel=\"noopener noreferrer\">Fran\u00e7ais<\/a> <a class=\"btn-soy\" href=\"https:\/\/soycanada.ca\/fr\/quality-assurance-brochure-ja\/\" rel=\"noopener noreferrer\">Japonais<\/a> <a class=\"btn-soy\" href=\"https:\/\/soycanada.ca\/wp-content\/uploads\/2015\/06\/11237-SOY-QualityAssuranceBrochureMAN-SINGLE_PAGES-July2017-FNL-2.pdf\" target=\"_blank\" rel=\"noopener noreferrer\">mandarin<\/a><\/p>\n<p><!--<strong>Strategic Market Readiness\u00a0<\/strong><b>Plan Discussion Paper<\/b>\n\nThis consultation document outlines our strategy to grow the soybean sector over the next 10 years. \u00a0It\u00a0involves the entire soybean value-chain and sets ambitious but realistic growth targets that will guide the soybean sector over the coming decade. \u00a0<a href=\"https:\/\/soycanada.ca\/wp-content\/uploads\/2017\/04\/10-Million-Acres-of-Opportunity-Discussion-Paper.pdf\">Download the report.<\/a>--><\/p>\n<p><!--<strong>Soy Canada\u00a0Identity Preserved (IP) Procedures<\/strong>\n\nThis document outlines the standards, best practices and recommended IP procedures\u00a0related to the Canadian Grain Commission's CIRPS program. \u00a0<a href=\"https:\/\/soycanada.ca\/wp-content\/uploads\/2015\/06\/Soy-Canada-IP-Procedures.pdf\">Download the document.<\/a>--><\/p>\n<p><!--<strong>Research &amp; Development Workshop Report<\/strong>\n\nThis report, developed from an industry-wide R&amp;D workshop of all members of the soybean value-chain and research community, highlights a series of R&amp;D priorities identified by the Canadians soybean sector and the action required to advance goals. <a href=\"https:\/\/soycanada.ca\/wp-content\/uploads\/2016\/10\/Soy-Canada-Research-Strategy-Workshop-Report-June-2016.pdf\">Download the report.<\/a>--><\/p>\n<p><strong>\u00c9tude d&#039;impact \u00e9conomique<\/strong><br \/>\nCette analyse de MNP LLP conclut que le soja contribue maintenant \u00e0 $5,6 milliards au produit int\u00e9rieur brut du Canada, ainsi qu&#039;\u00e0 54 000 emplois \u00e0 temps plein \u00e0 travers le pays. <a href=\"https:\/\/soycanada.ca\/wp-content\/uploads\/2023\/06\/2022_Soy_Canada_Annual_Report_FRE_FINAL_WEB_2.pdf\">T\u00e9l\u00e9charger le rapport<\/a>.<\/p>\n<p><strong>Soja canadien : cultiv\u00e9 de mani\u00e8re durable, ax\u00e9 sur le client<\/strong><br \/>\nT\u00e9l\u00e9chargez cet aper\u00e7u de huit pages expliquant pourquoi le Canada est un chef de file mondial dans la production de soya alimentaire de qualit\u00e9 sup\u00e9rieure et un fournisseur croissant de soya de base destin\u00e9 \u00e0 la transformation. Cette ressource explique les r\u00e9gions de culture du soya au Canada, les conditions de croissance, les pratiques durables et comment Soy Canada offre plus de valeur aux clients.<\/p>\n<p><a class=\"btn-soy\" href=\"https:\/\/soycanada.ca\/wp-content\/uploads\/2022\/10\/2022_Soy_Canada_Brochure_ENG.pdf\" target=\"_blank\" rel=\"noopener noreferrer\">Anglais<\/a> <a class=\"btn-soy\" href=\"https:\/\/soycanada.ca\/wp-content\/uploads\/2015\/09\/9235-SOY-Brochure-SoybeanAdvantage-JAPAN-Sept2015-FNLweb.pdf\" target=\"_blank\" rel=\"noopener noreferrer\">Japonais<\/a> <a class=\"btn-soy\" href=\"https:\/\/soycanada.ca\/wp-content\/uploads\/2015\/06\/8907-SOY-Brochure-Soybean-Advantage-MANDARIN-May2015-FNL-web.pdf\" target=\"_blank\" rel=\"noopener noreferrer\">mandarin<\/a><\/p>","protected":false},"excerpt":{"rendered":"Rapport annuel (2024-2025) T\u00e9l\u00e9charger le rapport. Plan strat\u00e9gique\u00a0: 10 millions d\u2019acres d\u2019opportunit\u00e9s. T\u00e9l\u00e9charger le rapport. Assurance qualit\u00e9 du soya canadien de qualit\u00e9 alimentaire. Soya Canada s\u2019est associ\u00e9 \u00e0 la Commission canadienne des grains, \u00e0 l\u2019Institut canadien des semences et \u00e0 l\u2019Association canadienne des producteurs de semences pour produire une brochure compl\u00e8te sur l\u2019assurance qualit\u00e9 du secteur du soya de qualit\u00e9 alimentaire au Canada. Cliquez sur\u2026","protected":false},"author":2,"featured_media":0,"parent":14,"menu_order":1,"comment_status":"closed","ping_status":"closed","template":"","meta":{"_acf_changed":false,"footnotes":""},"class_list":["post-354","page","type-page","status-publish","hentry"],"acf":[],"aioseo_notices":[],"_links":{"self":[{"href":"https:\/\/soycanada.ca\/fr\/wp-json\/wp\/v2\/pages\/354","targetHints":{"allow":["GET"]}}],"collection":[{"href":"https:\/\/soycanada.ca\/fr\/wp-json\/wp\/v2\/pages"}],"about":[{"href":"https:\/\/soycanada.ca\/fr\/wp-json\/wp\/v2\/types\/page"}],"author":[{"embeddable":true,"href":"https:\/\/soycanada.ca\/fr\/wp-json\/wp\/v2\/users\/2"}],"replies":[{"embeddable":true,"href":"https:\/\/soycanada.ca\/fr\/wp-json\/wp\/v2\/comments?post=354"}],"version-history":[{"count":2,"href":"https:\/\/soycanada.ca\/fr\/wp-json\/wp\/v2\/pages\/354\/revisions"}],"predecessor-version":[{"id":63094,"href":"https:\/\/soycanada.ca\/fr\/wp-json\/wp\/v2\/pages\/354\/revisions\/63094"}],"up":[{"embeddable":true,"href":"https:\/\/soycanada.ca\/fr\/wp-json\/wp\/v2\/pages\/14"}],"wp:attachment":[{"href":"https:\/\/soycanada.ca\/fr\/wp-json\/wp\/v2\/media?parent=354"}],"curies":[{"name":"wp","href":"https:\/\/api.w.org\/{rel}","templated":true}]}}