{"id":356,"date":"2015-06-11T20:15:07","date_gmt":"2015-06-11T20:15:07","guid":{"rendered":"https:\/\/soycanada.ca\/?page_id=356"},"modified":"2024-07-31T10:50:50","modified_gmt":"2024-07-31T14:50:50","slug":"variety-trials","status":"publish","type":"page","link":"https:\/\/soycanada.ca\/fr\/resources\/variety-trials\/","title":{"rendered":"Essais de vari\u00e9t\u00e9s"},"content":{"rendered":"<p><strong>Consultez les derniers r\u00e9sultats pour\u00a0: <\/strong><\/p>\n<p><a href=\"https:\/\/soybean.gocrops.ca\/\">Ontario <\/a><br \/>\n<a href=\"https:\/\/www.manitobapulse.ca\/production\/variety-evaluation-guide\/\">Manitoba<\/a><br \/>\n<a href=\"http:\/\/www2.gnb.ca\/content\/gnb\/en\/departments\/10\/agriculture\/content\/crops\/field_crops.html\">Nouveau-Brunswick<\/a><\/p>","protected":false},"excerpt":{"rendered":"Voir les derniers r\u00e9sultats pour : Ontario Manitoba Nouveau-Brunswick","protected":false},"author":2,"featured_media":0,"parent":14,"menu_order":5,"comment_status":"closed","ping_status":"closed","template":"","meta":{"_acf_changed":false,"footnotes":""},"class_list":["post-356","page","type-page","status-publish","hentry"],"acf":[],"aioseo_notices":[],"_links":{"self":[{"href":"https:\/\/soycanada.ca\/fr\/wp-json\/wp\/v2\/pages\/356","targetHints":{"allow":["GET"]}}],"collection":[{"href":"https:\/\/soycanada.ca\/fr\/wp-json\/wp\/v2\/pages"}],"about":[{"href":"https:\/\/soycanada.ca\/fr\/wp-json\/wp\/v2\/types\/page"}],"author":[{"embeddable":true,"href":"https:\/\/soycanada.ca\/fr\/wp-json\/wp\/v2\/users\/2"}],"replies":[{"embeddable":true,"href":"https:\/\/soycanada.ca\/fr\/wp-json\/wp\/v2\/comments?post=356"}],"version-history":[{"count":0,"href":"https:\/\/soycanada.ca\/fr\/wp-json\/wp\/v2\/pages\/356\/revisions"}],"up":[{"embeddable":true,"href":"https:\/\/soycanada.ca\/fr\/wp-json\/wp\/v2\/pages\/14"}],"wp:attachment":[{"href":"https:\/\/soycanada.ca\/fr\/wp-json\/wp\/v2\/media?parent=356"}],"curies":[{"name":"wp","href":"https:\/\/api.w.org\/{rel}","templated":true}]}}