{"id":58857,"date":"2020-10-15T16:25:37","date_gmt":"2020-10-15T16:25:37","guid":{"rendered":"http:\/\/localhost\/soycanada.ca\/?page_id=58857"},"modified":"2025-01-23T15:39:52","modified_gmt":"2025-01-23T20:39:52","slug":"members-portal","status":"publish","type":"page","link":"https:\/\/soycanada.ca\/fr\/members-portal\/","title":{"rendered":"Portail des membres"},"content":{"rendered":"<div class=\"wp-block-columns is-layout-flex wp-container-core-columns-is-layout-1 wp-block-columns-is-layout-flex\">\n<div class=\"wp-block-column is-layout-flow wp-block-column-is-layout-flow\">\n<p>Ce contenu est r\u00e9serv\u00e9 aux membres de SoyCanada. Veuillez <a href=\"https:\/\/soycanada.ca\/wp-login.php\">SE CONNECTER<\/a>.<\/p>\n\n\n\n<p><a href=\"https:\/\/soycanada.ca\/fr\/about-us\/become-a-member\/\">Cliquez ici<\/a> pour des informations sur l&#039;adh\u00e9sion.<\/p>\n<\/div>\n<\/div>","protected":false},"excerpt":{"rendered":"Ce contenu est r\u00e9serv\u00e9 aux membres de SoyCanada. Veuillez vous connecter. Cliquez ici pour obtenir des renseignements sur l&#039;adh\u00e9sion. Rapports des directeurs 2015\/16 2016\/17 2017\/18 2018\/19 2019\/20 2020\/21 Rapports de mission de d\u00e9veloppement du march\u00e9 Union europ\u00e9enne 2019 Indon\u00e9sie et Japon 2017 Japon 2017 Japon et Vietnam 2019 Ta\u00efwan et Japon 2018 Rapports d&#039;\u00e9tudes de march\u00e9 Rapport d&#039;\u00e9tudes de march\u00e9 sur la Chine 2016 \u00c9valuation du march\u00e9 d&#039;exportation du soja indon\u00e9sien 2016 March\u00e9 italien\u2026","protected":false},"author":2,"featured_media":0,"parent":0,"menu_order":0,"comment_status":"closed","ping_status":"closed","template":"","meta":{"_acf_changed":false,"footnotes":""},"class_list":["post-58857","page","type-page","status-publish","hentry"],"acf":[],"aioseo_notices":[],"_links":{"self":[{"href":"https:\/\/soycanada.ca\/fr\/wp-json\/wp\/v2\/pages\/58857","targetHints":{"allow":["GET"]}}],"collection":[{"href":"https:\/\/soycanada.ca\/fr\/wp-json\/wp\/v2\/pages"}],"about":[{"href":"https:\/\/soycanada.ca\/fr\/wp-json\/wp\/v2\/types\/page"}],"author":[{"embeddable":true,"href":"https:\/\/soycanada.ca\/fr\/wp-json\/wp\/v2\/users\/2"}],"replies":[{"embeddable":true,"href":"https:\/\/soycanada.ca\/fr\/wp-json\/wp\/v2\/comments?post=58857"}],"version-history":[{"count":42,"href":"https:\/\/soycanada.ca\/fr\/wp-json\/wp\/v2\/pages\/58857\/revisions"}],"predecessor-version":[{"id":62789,"href":"https:\/\/soycanada.ca\/fr\/wp-json\/wp\/v2\/pages\/58857\/revisions\/62789"}],"wp:attachment":[{"href":"https:\/\/soycanada.ca\/fr\/wp-json\/wp\/v2\/media?parent=58857"}],"curies":[{"name":"wp","href":"https:\/\/api.w.org\/{rel}","templated":true}]}}