{"id":59492,"date":"2022-11-14T14:29:05","date_gmt":"2022-11-14T19:29:05","guid":{"rendered":"https:\/\/soycanada.ca\/?page_id=59492"},"modified":"2023-01-03T13:45:57","modified_gmt":"2023-01-03T18:45:57","slug":"videos-images","status":"publish","type":"page","link":"https:\/\/soycanada.ca\/fr\/resources\/videos-images\/","title":{"rendered":"Vid\u00e9os et images"},"content":{"rendered":"<style>\n.grid{\n  display: grid;\n  grid-template-columns: 50% 50%;\n  grid-template-rows: 1fr;\n  column-gap: 20px;\n}\n@media screen and (max-width: 1200px){\n   .grid{\n      grid-template-columns: repeat(1, 1fr);\n   }\n}\n<\/style>\n<div class=\"grid\">\n<div style=\"width:360px;\"\">\n<h3>Introduction au soja canadien<\/h3>\n<p><iframe width=\"360\" height=\"205\" src=\"https:\/\/www.youtube.com\/embed\/GMV2BKJY5KU\" title=\"Lecteur vid\u00e9o YouTube\" frameborder=\"0\" allow=\"accelerometer; autoplay; clipboard-write; encrypted-media; gyroscope; picture-in-picture\" allowfullscreen><\/iframe><br \/>\nD\u00e9couvrez Soy Canada, l&#039;association nationale repr\u00e9sentant tous les groupes impliqu\u00e9s dans le d\u00e9veloppement, la production, la manutention, la transformation et le transport du soja canadien. Notre objectif est de produire de mani\u00e8re durable du soja de haute qualit\u00e9 sur les march\u00e9s du monde entier.<br \/>\n<a class=\"btn-soy\" href=\"https:\/\/www.youtube.com\/watch?v=ZhDheD9WENI\" target=\"_blank\" rel=\"noopener noreferrer\">Fran\u00e7ais<\/a><a class=\"btn-soy\" href=\"https:\/\/www.youtube.com\/watch?v=uH8BXB4vzVk\" target=\"_blank\" rel=\"noopener noreferrer\">Japonais<\/a>\n<\/div>\n<div style=\"width:360px;\"\">\n<h3>Qualit\u00e9 du soya canadien<\/h3>\n<p><iframe width=\"360\" height=\"205\" src=\"https:\/\/www.youtube.com\/embed\/AhRoWIQqdOc\" title=\"Lecteur vid\u00e9o YouTube\" frameborder=\"0\" allow=\"accelerometer; autoplay; clipboard-write; encrypted-media; gyroscope; picture-in-picture\" allowfullscreen><\/iframe><br \/>\nLe soya canadien est parmi les meilleurs au monde et il est en demande. D\u00e9couvrez comment le Canada investit continuellement dans la cha\u00eene de valeur du soya pour produire le meilleur soya de haute qualit\u00e9 adapt\u00e9 aux besoins des clients.<br \/>\n<a class=\"btn-soy\" href=\"https:\/\/www.youtube.com\/watch?v=1jO8uNM5998\" target=\"_blank\" rel=\"noopener noreferrer\">Fran\u00e7ais<\/a><a class=\"btn-soy\" href=\"https:\/\/www.youtube.com\/watch?v=DSSgn2hBQew\" target=\"_blank\" rel=\"noopener noreferrer\">Japonais<\/a>\n<\/div>\n<div style=\"width:360px;\"\">\n<h3>Durabilit\u00e9 du soya canadien<\/h3>\n<p><iframe width=\"360\" height=\"205\" src=\"https:\/\/www.youtube.com\/embed\/UEvabQ4j6a8\" title=\"Lecteur vid\u00e9o YouTube\" frameborder=\"0\" allow=\"accelerometer; autoplay; clipboard-write; encrypted-media; gyroscope; picture-in-picture\" allowfullscreen><\/iframe><br \/>\nLes agriculteurs canadiens sont fiers de notre production durable de soya. D\u00e9couvrez leur engagement envers une production durable qui pr\u00e9serve l&#039;air, l&#039;eau et le sol pour les g\u00e9n\u00e9rations \u00e0 venir.<br \/>\n<a class=\"btn-soy\" href=\"https:\/\/www.youtube.com\/watch?v=eaEBgVM7aS4\" target=\"_blank\" rel=\"noopener noreferrer\">Fran\u00e7ais<\/a>\n<\/div>\n<div style=\"width:360px;\"\">\n<h3>Production canadienne de soya<\/h3>\n<p><iframe width=\"360\" height=\"205\" src=\"https:\/\/www.youtube.com\/embed\/5agtgoLOfaE\" title=\"Lecteur vid\u00e9o YouTube\" frameborder=\"0\" allow=\"accelerometer; autoplay; clipboard-write; encrypted-media; gyroscope; picture-in-picture\" allowfullscreen><\/iframe><br \/>\nLe Canada est un important exportateur de soja. Nos conditions de croissance uniques, nos semences de qualit\u00e9, nos pratiques agricoles, nos installations de transport et d&#039;exportation contribuent tous \u00e0 la livraison de soya canadien de la plus haute qualit\u00e9 \u00e0 nos clients.<br \/>\n<a class=\"btn-soy\" href=\"https:\/\/www.youtube.com\/watch?v=2c_VZxLd7Ws\" target=\"_blank\" rel=\"noopener noreferrer\">Fran\u00e7ais<\/a><a class=\"btn-soy\" href=\"https:\/\/www.youtube.com\/watch?v=i6hMkQ12SK8&#038;t=5s\" target=\"_blank\" rel=\"noopener noreferrer\">Japonais<\/a>\n<\/div>\n<div style=\"width:360px;\"\">\n<h3>Tra\u00e7age du soya canadien de la ferme au client<\/h3>\n<p><iframe width=\"360\" height=\"205\" src=\"https:\/\/www.youtube.com\/embed\/MtxcAe-YLdA\" title=\"Lecteur vid\u00e9o YouTube\" frameborder=\"0\" allow=\"accelerometer; autoplay; clipboard-write; encrypted-media; gyroscope; picture-in-picture\" allowfullscreen><\/iframe><br \/>\nLe soja canadien voyage de la ferme au client dans cette vid\u00e9o, d\u00e9montrant les mesures prises pour garantir la livraison de produits de qualit\u00e9.<br \/>\n<a class=\"btn-soy\" href=\"https:\/\/www.youtube.com\/watch?v=ZakETeXnXrU\" target=\"_blank\" rel=\"noopener noreferrer\">Fran\u00e7ais<\/a><a class=\"btn-soy\" href=\"https:\/\/www.youtube.com\/watch?v=AgEaFjpm538\" target=\"_blank\" rel=\"noopener noreferrer\">Japonais<\/a>\n<\/div>\n<\/div>","protected":false},"excerpt":{"rendered":"Qualit\u00e9 du soya canadien Le soya canadien est parmi les meilleurs au monde et il est en demande. D\u00e9couvrez comment le Canada investit continuellement dans la cha\u00eene de valeur du soya pour produire le meilleur soya de haute qualit\u00e9 adapt\u00e9 aux besoins des clients. FrenchJapanese Canadian Soybean Production Le Canada est un important exportateur de soja. Nos conditions de croissance uniques, nos semences de qualit\u00e9, nos pratiques agricoles, nos installations de transport et d&#039;exportation\u2026","protected":false},"author":53,"featured_media":0,"parent":14,"menu_order":1,"comment_status":"closed","ping_status":"closed","template":"","meta":{"_acf_changed":false,"footnotes":""},"class_list":["post-59492","page","type-page","status-publish","hentry"],"acf":[],"aioseo_notices":[],"_links":{"self":[{"href":"https:\/\/soycanada.ca\/fr\/wp-json\/wp\/v2\/pages\/59492","targetHints":{"allow":["GET"]}}],"collection":[{"href":"https:\/\/soycanada.ca\/fr\/wp-json\/wp\/v2\/pages"}],"about":[{"href":"https:\/\/soycanada.ca\/fr\/wp-json\/wp\/v2\/types\/page"}],"author":[{"embeddable":true,"href":"https:\/\/soycanada.ca\/fr\/wp-json\/wp\/v2\/users\/53"}],"replies":[{"embeddable":true,"href":"https:\/\/soycanada.ca\/fr\/wp-json\/wp\/v2\/comments?post=59492"}],"version-history":[{"count":0,"href":"https:\/\/soycanada.ca\/fr\/wp-json\/wp\/v2\/pages\/59492\/revisions"}],"up":[{"embeddable":true,"href":"https:\/\/soycanada.ca\/fr\/wp-json\/wp\/v2\/pages\/14"}],"wp:attachment":[{"href":"https:\/\/soycanada.ca\/fr\/wp-json\/wp\/v2\/media?parent=59492"}],"curies":[{"name":"wp","href":"https:\/\/api.w.org\/{rel}","templated":true}]}}