{"id":59800,"date":"2016-03-16T15:14:46","date_gmt":"2016-03-16T20:14:46","guid":{"rendered":"http:\/\/soyportal.mytompowelldesign.com\/?page_id=14"},"modified":"2024-12-03T08:57:24","modified_gmt":"2024-12-03T13:57:24","slug":"soybean-oil","status":"publish","type":"page","link":"https:\/\/soycanada.ca\/fr\/soybean-oil\/","title":{"rendered":"P\u00e9trole"},"content":{"rendered":"<p>L&#039;huile de soja canadienne est vendue sous de nombreuses formes, allant du produit brut en vrac \u00e0 l&#039;huile de cuisson enti\u00e8rement raffin\u00e9e, emball\u00e9e et pr\u00eate pour les \u00e9tag\u00e8res des \u00e9piceries.<\/p>\n<p>Entre le tiers et la moiti\u00e9 environ de l&#039;huile de soja produite au Canada est export\u00e9e, principalement pour \u00eatre utilis\u00e9e dans la production alimentaire. Polyvalent, au go\u00fbt doux et riche en graisses polyinsatur\u00e9es, c&#039;est un choix pr\u00e9f\u00e9r\u00e9 dans les cuisines domestiques et commerciales.<\/p>\n<p>La Commission canadienne des grains r\u00e9glemente le classement du soja, mais il n&#039;existe actuellement aucune norme officielle de classement pour l&#039;huile de soja. Pour guider les n\u00e9gociations entre acheteurs et vendeurs, l&#039;Association canadienne des transformateurs d&#039;ol\u00e9agineux (COPA) a \u00e9labor\u00e9 un ensemble de r\u00e8gles commerciales recommand\u00e9es. La s\u00e9curit\u00e9 est assur\u00e9e gr\u00e2ce \u00e0 une surveillance \u00e9troite par l&#039;Agence canadienne d&#039;inspection des aliments (ACIA).<\/p>\n<h3>En savoir plus sur:<\/h3>\n<ul>\n<li><a href=\"\/fr\/qualityfood-safety-management\/\">Gestion de la qualit\u00e9\/s\u00e9curit\u00e9 alimentaire<\/a><\/li>\n<li><a href=\"\/fr\/handling-and-transport\/\">Manutention et transport<\/a><\/li>\n<li><a href=\"https:\/\/copacanada.com\" target=\"_blank\" rel=\"noopener\">Association canadienne des transformateurs de graines ol\u00e9agineuses (COPA)<\/a><\/li>\n<li><a href=\"https:\/\/soycanada.ca\/fr\/about-us\/our-members\/\" target=\"_parent\" rel=\"noopener\">R\u00e9pertoire des fournisseurs<\/a><\/li>\n<li><a href=\"https:\/\/soycanada.ca\/fr\/resources\/publications\/\" target=\"_parent\" rel=\"noopener\">Autres ressources<\/a><\/li>\n<\/ul>","protected":false},"excerpt":{"rendered":"L\u2019huile de soja canadienne est vendue sous de nombreuses formes, allant du produit brut en vrac \u00e0 l\u2019huile de cuisson enti\u00e8rement raffin\u00e9e, emball\u00e9e et pr\u00eate \u00e0 \u00eatre mise en vente dans les \u00e9piceries. Environ un tiers \u00e0 la moiti\u00e9 de l\u2019huile de soja produite au Canada est export\u00e9e, principalement pour \u00eatre utilis\u00e9e dans la production alimentaire. Polyvalente, au go\u00fbt doux et riche en gras polyinsatur\u00e9s, elle est un choix de pr\u00e9dilection pour les\u2026","protected":false},"author":2,"featured_media":0,"parent":0,"menu_order":0,"comment_status":"closed","ping_status":"closed","template":"page-infopage.php","meta":{"_acf_changed":false,"footnotes":""},"class_list":["post-59800","page","type-page","status-publish","hentry"],"acf":[],"aioseo_notices":[],"_links":{"self":[{"href":"https:\/\/soycanada.ca\/fr\/wp-json\/wp\/v2\/pages\/59800","targetHints":{"allow":["GET"]}}],"collection":[{"href":"https:\/\/soycanada.ca\/fr\/wp-json\/wp\/v2\/pages"}],"about":[{"href":"https:\/\/soycanada.ca\/fr\/wp-json\/wp\/v2\/types\/page"}],"author":[{"embeddable":true,"href":"https:\/\/soycanada.ca\/fr\/wp-json\/wp\/v2\/users\/2"}],"replies":[{"embeddable":true,"href":"https:\/\/soycanada.ca\/fr\/wp-json\/wp\/v2\/comments?post=59800"}],"version-history":[{"count":2,"href":"https:\/\/soycanada.ca\/fr\/wp-json\/wp\/v2\/pages\/59800\/revisions"}],"predecessor-version":[{"id":62571,"href":"https:\/\/soycanada.ca\/fr\/wp-json\/wp\/v2\/pages\/59800\/revisions\/62571"}],"wp:attachment":[{"href":"https:\/\/soycanada.ca\/fr\/wp-json\/wp\/v2\/media?parent=59800"}],"curies":[{"name":"wp","href":"https:\/\/api.w.org\/{rel}","templated":true}]}}