{"id":60740,"date":"2024-01-22T10:02:55","date_gmt":"2024-01-22T15:02:55","guid":{"rendered":"https:\/\/soycanada.ca\/?page_id=60740"},"modified":"2025-11-24T16:21:02","modified_gmt":"2025-11-24T21:21:02","slug":"sustainability-canadian-soy-verification-program","status":"publish","type":"page","link":"https:\/\/soycanada.ca\/fr\/sustainability\/sustainability-canadian-soy-verification-program\/","title":{"rendered":"Programme canadien de v\u00e9rification du soja"},"content":{"rendered":"<div data-elementor-type=\"wp-page\" data-elementor-id=\"60740\" class=\"elementor elementor-60740\" data-elementor-post-type=\"page\">\n\t\t\t\t<div class=\"elementor-element elementor-element-427c15d e-flex e-con-boxed e-con e-parent\" data-id=\"427c15d\" data-element_type=\"container\" data-e-type=\"container\" data-settings=\"{&quot;background_background&quot;:&quot;classic&quot;}\">\n\t\t\t\t\t<div class=\"e-con-inner\">\n\t\t\t\t\t<\/div>\n\t\t\t\t<\/div>\n\t\t<div class=\"elementor-element elementor-element-cda79b7 e-flex e-con-boxed e-con e-parent\" data-id=\"cda79b7\" data-element_type=\"container\" data-e-type=\"container\" data-settings=\"{&quot;background_background&quot;:&quot;classic&quot;}\">\n\t\t\t\t\t<div class=\"e-con-inner\">\n\t\t\t\t<div class=\"elementor-element elementor-element-ee0cefa elementor-widget elementor-widget-heading\" data-id=\"ee0cefa\" data-element_type=\"widget\" data-e-type=\"widget\" data-widget_type=\"heading.default\">\n\t\t\t\t<div class=\"elementor-widget-container\">\n\t\t\t\t\t<h2 class=\"elementor-heading-title elementor-size-default\"><h2 style=\"font-size:240%;color:#81C341;font-weight:700\">QU&#039;EST-CE QUE C&#039;EST?<\/h2><\/h2>\t\t\t\t<\/div>\n\t\t\t\t<\/div>\n\t\t\t\t\t<\/div>\n\t\t\t\t<\/div>\n\t\t<div class=\"elementor-element elementor-element-6d57048 e-flex e-con-boxed e-con e-parent\" data-id=\"6d57048\" data-element_type=\"container\" data-e-type=\"container\" data-settings=\"{&quot;background_background&quot;:&quot;classic&quot;}\">\n\t\t\t\t\t<div class=\"e-con-inner\">\n\t\t\t\t<div class=\"elementor-element elementor-element-ed35c40 elementor-widget elementor-widget-text-editor\" data-id=\"ed35c40\" data-element_type=\"widget\" data-e-type=\"widget\" data-widget_type=\"text-editor.default\">\n\t\t\t\t<div class=\"elementor-widget-container\">\n\t\t\t\t\t\t\t\t\t<p>Sustainable Canadian Soy est un programme de Soy Canada mis en \u0153uvre par les exportateurs et les manutentionnaires de c\u00e9r\u00e9ales canadiens. Cela implique des auto-\u00e9valuations des producteurs et une v\u00e9rification rigoureuse par des tiers, en mettant l\u2019accent sur l\u2019am\u00e9lioration continue. Ces efforts fournissent un approvisionnement en soja durable v\u00e9rifi\u00e9 par des tiers, aidant ainsi les acheteurs \u00e0 atteindre leurs objectifs et exigences en mati\u00e8re d&#039;approvisionnement durable.<\/p>\t\t\t\t\t\t\t\t<\/div>\n\t\t\t\t<\/div>\n\t\t\t\t\t<\/div>\n\t\t\t\t<\/div>\n\t\t<div class=\"elementor-element elementor-element-03935c2 e-flex e-con-boxed e-con e-parent\" data-id=\"03935c2\" data-element_type=\"container\" data-e-type=\"container\" data-settings=\"{&quot;background_background&quot;:&quot;classic&quot;}\">\n\t\t\t\t\t<div class=\"e-con-inner\">\n\t\t\t\t\t<\/div>\n\t\t\t\t<\/div>\n\t\t<div class=\"elementor-element elementor-element-d183178 e-flex e-con-boxed e-con e-parent\" data-id=\"d183178\" data-element_type=\"container\" data-e-type=\"container\" data-settings=\"{&quot;background_background&quot;:&quot;classic&quot;}\">\n\t\t\t\t\t<div class=\"e-con-inner\">\n\t\t\t\t<div class=\"elementor-element elementor-element-69eb6b5 elementor-widget elementor-widget-heading\" data-id=\"69eb6b5\" data-element_type=\"widget\" data-e-type=\"widget\" data-widget_type=\"heading.default\">\n\t\t\t\t<div class=\"elementor-widget-container\">\n\t\t\t\t\t<h2 class=\"elementor-heading-title elementor-size-default\"><h2 style=\"font-size:240%;color:#81C341;font-weight:700\">MAINTENANT DISPONIBLE -<br> \nSOJA DURABLE V\u00c9RIFI\u00c9 <\/h2><\/h2>\t\t\t\t<\/div>\n\t\t\t\t<\/div>\n\t\t<div class=\"elementor-element elementor-element-996f736 e-flex e-con-boxed e-con e-child\" data-id=\"996f736\" data-element_type=\"container\" data-e-type=\"container\">\n\t\t\t\t\t<div class=\"e-con-inner\">\n\t\t\t\t<div class=\"elementor-element elementor-element-fae2118 elementor-widget elementor-widget-text-editor\" data-id=\"fae2118\" data-element_type=\"widget\" data-e-type=\"widget\" data-widget_type=\"text-editor.default\">\n\t\t\t\t<div class=\"elementor-widget-container\">\n\t\t\t\t\t\t\t\t\t<p>De l&#039;\u00e9laboration du programme jusqu&#039;\u00e0 la v\u00e9rification, l&#039;industrie canadienne du soja a investi dans le soja canadien durable. Le programme est g\u00e9r\u00e9 par les exportateurs et manutentionnaires de grains canadiens participants qui servent les clients demandant une v\u00e9rification de la durabilit\u00e9.<\/p><p>\nLe programme Soja canadien durable n\u00e9cessite des investissements de la part des producteurs et des exportateurs pour fournir un syst\u00e8me v\u00e9rifi\u00e9. Cet investissement continu de l&#039;industrie distingue le programme Sustainable Canadian Soy des autres initiatives en mati\u00e8re de soja durable.<\/p>\t\t\t\t\t\t\t\t<\/div>\n\t\t\t\t<\/div>\n\t\t<div class=\"elementor-element elementor-element-e2441fe e-flex e-con-boxed e-con e-child\" data-id=\"e2441fe\" data-element_type=\"container\" data-e-type=\"container\" data-settings=\"{&quot;background_background&quot;:&quot;classic&quot;}\">\n\t\t\t\t\t<div class=\"e-con-inner\">\n\t\t\t\t<div class=\"elementor-element elementor-element-23e5e40 elementor-widget elementor-widget-text-editor\" data-id=\"23e5e40\" data-element_type=\"widget\" data-e-type=\"widget\" data-widget_type=\"text-editor.default\">\n\t\t\t\t<div class=\"elementor-widget-container\">\n\t\t\t\t\t\t\t\t\t<p>Le soja canadien durable v\u00e9rifi\u00e9 est disponible directement aupr\u00e8s des FOURNISSEURS CANADIENS DE SOJA.<\/p>\n\t\t\t\t\t\t\t\t<\/div>\n\t\t\t\t<\/div>\n\t\t\t\t\t<\/div>\n\t\t\t\t<\/div>\n\t\t\t\t\t<\/div>\n\t\t\t\t<\/div>\n\t\t\t\t<div class=\"elementor-element elementor-element-f9d420b elementor-widget elementor-widget-heading\" data-id=\"f9d420b\" data-element_type=\"widget\" data-e-type=\"widget\" data-widget_type=\"heading.default\">\n\t\t\t\t<div class=\"elementor-widget-container\">\n\t\t\t\t\t<h2 class=\"elementor-heading-title elementor-size-default\"><h2 style=\"font-size:240%;color:#81C341;font-weight:700\">V\u00c9RIFICATION ET ASSURANCE <\/h2><\/h2>\t\t\t\t<\/div>\n\t\t\t\t<\/div>\n\t\t\t\t<div class=\"elementor-element elementor-element-c8a6aa4 elementor-widget elementor-widget-text-editor\" data-id=\"c8a6aa4\" data-element_type=\"widget\" data-e-type=\"widget\" data-widget_type=\"text-editor.default\">\n\t\t\t\t<div class=\"elementor-widget-container\">\n\t\t\t\t\t\t\t\t\t<p>La participation au programme Sustainable Canadian Soy est g\u00e9r\u00e9e par les fournisseurs canadiens de soja depuis le processus d&#039;auto-\u00e9valuation initial jusqu&#039;\u00e0 la planification d&#039;am\u00e9lioration continue. Les producteurs participants compl\u00e8tent l&#039;\u00e9valuation de la durabilit\u00e9 agricole (FSA) et les fournisseurs engagent un organisme de v\u00e9rification tiers accr\u00e9dit\u00e9 pour effectuer des audits \u00e0 la ferme, garantissant ainsi que les agriculteurs mettent en \u0153uvre les pratiques qu&#039;ils attestent dans la FSA. Une fois v\u00e9rifi\u00e9es, les lettres d&#039;attestation de la FSA sont \u00e9mises et permettent aux fournisseurs et aux acheteurs de soja canadien de faire des all\u00e9gations de durabilit\u00e9 en toute confiance.<\/p>\t\t\t\t\t\t\t\t<\/div>\n\t\t\t\t<\/div>\n\t\t<div class=\"elementor-element elementor-element-fb38fa7 e-flex e-con-boxed e-con e-child\" data-id=\"fb38fa7\" data-element_type=\"container\" data-e-type=\"container\">\n\t\t\t\t\t<div class=\"e-con-inner\">\n\t\t\t\t<div class=\"elementor-element elementor-element-760cbd0 elementor-widget elementor-widget-image\" data-id=\"760cbd0\" data-element_type=\"widget\" data-e-type=\"widget\" data-widget_type=\"image.default\">\n\t\t\t\t<div class=\"elementor-widget-container\">\n\t\t\t\t\t\t\t\t\t\t\t\t\t\t\t<img decoding=\"async\" width=\"320\" height=\"123\" src=\"https:\/\/soycanada.ca\/wp-content\/uploads\/2023\/03\/fsa-logo-login-320x123-1.png\" class=\"attachment-large size-large wp-image-59692\" alt=\"Farm Sustainability Assessment by SAI Platform logo\" srcset=\"https:\/\/soycanada.ca\/wp-content\/uploads\/2023\/03\/fsa-logo-login-320x123-1.png 320w, https:\/\/soycanada.ca\/wp-content\/uploads\/2023\/03\/fsa-logo-login-320x123-1-250x96.png 250w, https:\/\/soycanada.ca\/wp-content\/uploads\/2023\/03\/fsa-logo-login-320x123-1-18x7.png 18w, https:\/\/soycanada.ca\/wp-content\/uploads\/2023\/03\/fsa-logo-login-320x123-1-120x46.png 120w\" sizes=\"(max-width: 320px) 100vw, 320px\" \/>\t\t\t\t\t\t\t\t\t\t\t\t\t\t\t<\/div>\n\t\t\t\t<\/div>\n\t\t\t\t<div class=\"elementor-element elementor-element-4e61c3a elementor-widget elementor-widget-text-editor\" data-id=\"4e61c3a\" data-element_type=\"widget\" data-e-type=\"widget\" data-widget_type=\"text-editor.default\">\n\t\t\t\t<div class=\"elementor-widget-container\">\n\t\t\t\t\t\t\t\t\t<p><strong>Le programme Soja canadien durable utilise l&#039;\u00e9valuation de la durabilit\u00e9 agricole (FSA),<\/strong> un programme d\u2019analyse comparative et d\u2019\u00e9valuation de la durabilit\u00e9 de l\u2019ensemble de l\u2019exploitation agricole mondialement reconnu.<\/p>\n\t\t\t\t\t\t\t\t<\/div>\n\t\t\t\t<\/div>\n\t\t\t\t\t<\/div>\n\t\t\t\t<\/div>\n\t\t\t\t\t<\/div>\n\t\t\t\t<\/div>\n\t\t<div class=\"elementor-element elementor-element-25c62bf e-flex e-con-boxed e-con e-parent\" data-id=\"25c62bf\" data-element_type=\"container\" data-e-type=\"container\" data-settings=\"{&quot;background_background&quot;:&quot;classic&quot;}\">\n\t\t\t\t\t<div class=\"e-con-inner\">\n\t\t\t\t\t<\/div>\n\t\t\t\t<\/div>\n\t\t<div class=\"elementor-element elementor-element-a304cda e-flex e-con-boxed e-con e-parent\" data-id=\"a304cda\" data-element_type=\"container\" data-e-type=\"container\" data-settings=\"{&quot;background_background&quot;:&quot;classic&quot;}\">\n\t\t\t\t\t<div class=\"e-con-inner\">\n\t\t\t\t<div class=\"elementor-element elementor-element-7084925 elementor-widget elementor-widget-heading\" data-id=\"7084925\" data-element_type=\"widget\" data-e-type=\"widget\" data-widget_type=\"heading.default\">\n\t\t\t\t<div class=\"elementor-widget-container\">\n\t\t\t\t\t<h2 class=\"elementor-heading-title elementor-size-default\"><h2 style=\"font-size:240%;color:#81C341;font-weight:700\">COMMENT LE PROGRAMME DE DURABILIT\u00c9 DU CANADA SE COMPARE-T-IL\u00a0?\n<\/h2><\/h2>\t\t\t\t<\/div>\n\t\t\t\t<\/div>\n\t\t\t\t<div class=\"elementor-element elementor-element-84ccb16 elementor-widget elementor-widget-text-editor\" data-id=\"84ccb16\" data-element_type=\"widget\" data-e-type=\"widget\" data-widget_type=\"text-editor.default\">\n\t\t\t\t<div class=\"elementor-widget-container\">\n\t\t\t\t\t\t\t\t\t<p>Le programme Soja canadien durable utilise la Farm Sustainability Assessment (FSA), un programme d&#039;analyse comparative et d&#039;\u00e9valuation de la durabilit\u00e9 de l&#039;ensemble des exploitations agricoles reconnu mondialement.<\/p>\n<p>Les agriculteurs canadiens qui choisissent de mettre en \u0153uvre la FSA fournissent \u00e0 leurs clients un approvisionnement durable v\u00e9rifi\u00e9 par des tiers et soutenu par un syst\u00e8me mondialement reconnu. La v\u00e9rification FSA permet aux agriculteurs de d\u00e9montrer leurs performances en mati\u00e8re de durabilit\u00e9 et aux acheteurs de comprendre comment ces performances se comparent \u00e0 d&#039;autres all\u00e9gations de durabilit\u00e9. Il s&#039;agit d&#039;un syst\u00e8me qui d\u00e9montre \u00e0 quel point le programme Sustainable Canadian Soy est comparable ou meilleur que d&#039;autres origines.<\/p>\n<p>Le soja canadien v\u00e9rifi\u00e9 par la FSA atteindra ou d\u00e9passera le niveau de performance du soja provenant d&#039;autres programmes de d\u00e9veloppement durable similaires dans le monde, notamment\u00a0:<\/p>\n<ul style=\"margin-left:15px\">\n<li style=\"list-style: square\">La Table ronde sur le soja responsable<\/li>\n<li style=\"list-style: square\">Durabilit\u00e9 internationale et certification carbone<\/li>\n<li style=\"list-style: square\">Protocole am\u00e9ricain d&#039;assurance de la durabilit\u00e9 du soja<\/li>\n<\/ul>\n<p>Le programme am\u00e9ricain Soy Sustainability Assurance Protocol a \u00e9t\u00e9 \u00e9valu\u00e9 comme \u00e9quivalent au FSA Silver, un niveau que les producteurs canadiens participant au programme Sustainable Canadian Soy devraient atteindre ou d\u00e9passer.<\/p>\n\t\t\t\t\t\t\t\t<\/div>\n\t\t\t\t<\/div>\n\t\t\t\t\t<\/div>\n\t\t\t\t<\/div>\n\t\t<div class=\"elementor-element elementor-element-409aa28 e-flex e-con-boxed e-con e-parent\" data-id=\"409aa28\" data-element_type=\"container\" data-e-type=\"container\" data-settings=\"{&quot;background_background&quot;:&quot;classic&quot;}\">\n\t\t\t\t\t<div class=\"e-con-inner\">\n\t\t\t\t\t<\/div>\n\t\t\t\t<\/div>\n\t\t<div class=\"elementor-element elementor-element-4b37745 e-flex e-con-boxed e-con e-parent\" data-id=\"4b37745\" data-element_type=\"container\" data-e-type=\"container\" data-settings=\"{&quot;background_background&quot;:&quot;classic&quot;}\">\n\t\t\t\t\t<div class=\"e-con-inner\">\n\t\t\t\t<div class=\"elementor-element elementor-element-0ba96d0 elementor-widget elementor-widget-image\" data-id=\"0ba96d0\" data-element_type=\"widget\" data-e-type=\"widget\" data-widget_type=\"image.default\">\n\t\t\t\t<div class=\"elementor-widget-container\">\n\t\t\t\t\t\t\t\t\t\t\t\t\t\t\t<img decoding=\"async\" width=\"49\" height=\"58\" src=\"https:\/\/soycanada.ca\/wp-content\/uploads\/2023\/03\/Group-8.png\" class=\"attachment-large size-large wp-image-59690\" alt=\"Sustainable Canadian Soy icon\" srcset=\"https:\/\/soycanada.ca\/wp-content\/uploads\/2023\/03\/Group-8.png 49w, https:\/\/soycanada.ca\/wp-content\/uploads\/2023\/03\/Group-8-10x12.png 10w\" sizes=\"(max-width: 49px) 100vw, 49px\" \/>\t\t\t\t\t\t\t\t\t\t\t\t\t\t\t<\/div>\n\t\t\t\t<\/div>\n\t\t\t\t<div class=\"elementor-element elementor-element-5e81aeb elementor-widget elementor-widget-text-editor\" data-id=\"5e81aeb\" data-element_type=\"widget\" data-e-type=\"widget\" data-widget_type=\"text-editor.default\">\n\t\t\t\t<div class=\"elementor-widget-container\">\n\t\t\t\t\t\t\t\t\t<p>Vous cherchez plus d&#039;informations sur le soja canadien durable v\u00e9rifi\u00e9?<br> \n<a href=\"\">Contactez un fournisseur participant.<\/a><\/p>\t\t\t\t\t\t\t\t<\/div>\n\t\t\t\t<\/div>\n\t\t\t\t\t<\/div>\n\t\t\t\t<\/div>\n\t\t<div class=\"elementor-element elementor-element-9971725 e-flex e-con-boxed e-con e-parent\" data-id=\"9971725\" data-element_type=\"container\" data-e-type=\"container\" data-settings=\"{&quot;background_background&quot;:&quot;classic&quot;}\">\n\t\t\t\t\t<div class=\"e-con-inner\">\n\t\t\t\t<div class=\"elementor-element elementor-element-88383c0 elementor-widget elementor-widget-image\" data-id=\"88383c0\" data-element_type=\"widget\" data-e-type=\"widget\" data-widget_type=\"image.default\">\n\t\t\t\t<div class=\"elementor-widget-container\">\n\t\t\t\t\t\t\t\t\t\t\t\t\t\t\t\t<a href=\"https:\/\/andersonscanada.com\/\" target=\"_blank\">\n\t\t\t\t\t\t\t<img decoding=\"async\" width=\"150\" height=\"75\" src=\"https:\/\/soycanada.ca\/wp-content\/uploads\/2023\/03\/Anderson.png\" class=\"attachment-full size-full wp-image-59686\" alt=\"The Andersons logo\" srcset=\"https:\/\/soycanada.ca\/wp-content\/uploads\/2023\/03\/Anderson.png 150w, https:\/\/soycanada.ca\/wp-content\/uploads\/2023\/03\/Anderson-18x9.png 18w, https:\/\/soycanada.ca\/wp-content\/uploads\/2023\/03\/Anderson-120x60.png 120w\" sizes=\"(max-width: 150px) 100vw, 150px\" \/>\t\t\t\t\t\t\t\t<\/a>\n\t\t\t\t\t\t\t\t\t\t\t\t\t\t\t<\/div>\n\t\t\t\t<\/div>\n\t\t\t\t<div class=\"elementor-element elementor-element-75a6d9c elementor-widget elementor-widget-image\" data-id=\"75a6d9c\" data-element_type=\"widget\" data-e-type=\"widget\" data-widget_type=\"image.default\">\n\t\t\t\t<div class=\"elementor-widget-container\">\n\t\t\t\t\t\t\t\t\t\t\t\t\t\t\t\t<a href=\"https:\/\/sgceresco.com\/en\/\" target=\"_blank\">\n\t\t\t\t\t\t\t<img loading=\"lazy\" decoding=\"async\" width=\"200\" height=\"37\" src=\"https:\/\/soycanada.ca\/wp-content\/uploads\/2023\/06\/logo-ceresco.png\" class=\"attachment-large size-large wp-image-59843\" alt=\"Ceresco logo\" srcset=\"https:\/\/soycanada.ca\/wp-content\/uploads\/2023\/06\/logo-ceresco.png 200w, https:\/\/soycanada.ca\/wp-content\/uploads\/2023\/06\/logo-ceresco-18x3.png 18w, https:\/\/soycanada.ca\/wp-content\/uploads\/2023\/06\/logo-ceresco-120x22.png 120w\" sizes=\"(max-width: 200px) 100vw, 200px\" \/>\t\t\t\t\t\t\t\t<\/a>\n\t\t\t\t\t\t\t\t\t\t\t\t\t\t\t<\/div>\n\t\t\t\t<\/div>\n\t\t\t\t<div class=\"elementor-element elementor-element-2a0c384 elementor-widget elementor-widget-image\" data-id=\"2a0c384\" data-element_type=\"widget\" data-e-type=\"widget\" data-widget_type=\"image.default\">\n\t\t\t\t<div class=\"elementor-widget-container\">\n\t\t\t\t\t\t\t\t\t\t\t\t\t\t\t\t<a href=\"https:\/\/hensallco-op.ca\/\" target=\"_blank\">\n\t\t\t\t\t\t\t<img loading=\"lazy\" decoding=\"async\" width=\"150\" height=\"75\" src=\"https:\/\/soycanada.ca\/wp-content\/uploads\/2023\/03\/Hensall.png\" class=\"attachment-large size-large wp-image-59687\" alt=\"Hensall Co-op logo\" srcset=\"https:\/\/soycanada.ca\/wp-content\/uploads\/2023\/03\/Hensall.png 150w, https:\/\/soycanada.ca\/wp-content\/uploads\/2023\/03\/Hensall-18x9.png 18w, https:\/\/soycanada.ca\/wp-content\/uploads\/2023\/03\/Hensall-120x60.png 120w\" sizes=\"(max-width: 150px) 100vw, 150px\" \/>\t\t\t\t\t\t\t\t<\/a>\n\t\t\t\t\t\t\t\t\t\t\t\t\t\t\t<\/div>\n\t\t\t\t<\/div>\n\t\t\t\t<div class=\"elementor-element elementor-element-eb69fe3 elementor-widget elementor-widget-image\" data-id=\"eb69fe3\" data-element_type=\"widget\" data-e-type=\"widget\" data-widget_type=\"image.default\">\n\t\t\t\t<div class=\"elementor-widget-container\">\n\t\t\t\t\t\t\t\t\t\t\t\t\t\t\t\t<a href=\"http:\/\/www.semencesprograin.com\/\" target=\"_blank\">\n\t\t\t\t\t\t\t<img loading=\"lazy\" decoding=\"async\" width=\"250\" height=\"163\" src=\"https:\/\/soycanada.ca\/wp-content\/uploads\/2023\/06\/logo-prograin.jpg\" class=\"attachment-large size-large wp-image-59836\" alt=\"Prograin logo\" srcset=\"https:\/\/soycanada.ca\/wp-content\/uploads\/2023\/06\/logo-prograin.jpg 250w, https:\/\/soycanada.ca\/wp-content\/uploads\/2023\/06\/logo-prograin-18x12.jpg 18w, https:\/\/soycanada.ca\/wp-content\/uploads\/2023\/06\/logo-prograin-120x78.jpg 120w\" sizes=\"(max-width: 250px) 100vw, 250px\" \/>\t\t\t\t\t\t\t\t<\/a>\n\t\t\t\t\t\t\t\t\t\t\t\t\t\t\t<\/div>\n\t\t\t\t<\/div>\n\t\t\t\t\t<\/div>\n\t\t\t\t<\/div>\n\t\t<div class=\"elementor-element elementor-element-49f1b21 e-flex e-con-boxed e-con e-parent\" data-id=\"49f1b21\" data-element_type=\"container\" data-e-type=\"container\" data-settings=\"{&quot;background_background&quot;:&quot;classic&quot;}\">\n\t\t\t\t\t<div class=\"e-con-inner\">\n\t\t\t\t<div class=\"elementor-element elementor-element-7528392 elementor-widget elementor-widget-image\" data-id=\"7528392\" data-element_type=\"widget\" data-e-type=\"widget\" data-widget_type=\"image.default\">\n\t\t\t\t<div class=\"elementor-widget-container\">\n\t\t\t\t\t\t\t\t\t\t\t\t\t\t\t\t<a href=\"https:\/\/www.huron.com\/\" target=\"_blank\">\n\t\t\t\t\t\t\t<img loading=\"lazy\" decoding=\"async\" width=\"150\" height=\"75\" src=\"https:\/\/soycanada.ca\/wp-content\/uploads\/2023\/03\/Huron.png\" class=\"attachment-large size-large wp-image-59685\" alt=\"Huron logo - IP Soybeans \u2022 Forages \u2022 Specialties\" srcset=\"https:\/\/soycanada.ca\/wp-content\/uploads\/2023\/03\/Huron.png 150w, https:\/\/soycanada.ca\/wp-content\/uploads\/2023\/03\/Huron-18x9.png 18w, https:\/\/soycanada.ca\/wp-content\/uploads\/2023\/03\/Huron-120x60.png 120w\" sizes=\"(max-width: 150px) 100vw, 150px\" \/>\t\t\t\t\t\t\t\t<\/a>\n\t\t\t\t\t\t\t\t\t\t\t\t\t\t\t<\/div>\n\t\t\t\t<\/div>\n\t\t\t\t<div class=\"elementor-element elementor-element-ece69bb elementor-widget elementor-widget-image\" data-id=\"ece69bb\" data-element_type=\"widget\" data-e-type=\"widget\" data-widget_type=\"image.default\">\n\t\t\t\t<div class=\"elementor-widget-container\">\n\t\t\t\t\t\t\t\t\t\t\t\t\t\t\t\t<a href=\"https:\/\/snobelenfarms.com\/\" target=\"_blank\">\n\t\t\t\t\t\t\t<img loading=\"lazy\" decoding=\"async\" width=\"150\" height=\"75\" src=\"https:\/\/soycanada.ca\/wp-content\/uploads\/2023\/03\/Snobelen.png\" class=\"attachment-full size-full wp-image-59683\" alt=\"\" srcset=\"https:\/\/soycanada.ca\/wp-content\/uploads\/2023\/03\/Snobelen.png 150w, https:\/\/soycanada.ca\/wp-content\/uploads\/2023\/03\/Snobelen-18x9.png 18w, https:\/\/soycanada.ca\/wp-content\/uploads\/2023\/03\/Snobelen-120x60.png 120w\" sizes=\"(max-width: 150px) 100vw, 150px\" \/>\t\t\t\t\t\t\t\t<\/a>\n\t\t\t\t\t\t\t\t\t\t\t\t\t\t\t<\/div>\n\t\t\t\t<\/div>\n\t\t\t\t<div class=\"elementor-element elementor-element-fe297cb elementor-widget elementor-widget-image\" data-id=\"fe297cb\" data-element_type=\"widget\" data-e-type=\"widget\" data-widget_type=\"image.default\">\n\t\t\t\t<div class=\"elementor-widget-container\">\n\t\t\t\t\t\t\t\t\t\t\t\t\t\t\t\t<a href=\"https:\/\/sevita.com\/\" target=\"_blank\">\n\t\t\t\t\t\t\t<img loading=\"lazy\" decoding=\"async\" width=\"150\" height=\"75\" src=\"https:\/\/soycanada.ca\/wp-content\/uploads\/2023\/03\/Sevita.png\" class=\"attachment-large size-large wp-image-59688\" alt=\"Sevita International logo\" srcset=\"https:\/\/soycanada.ca\/wp-content\/uploads\/2023\/03\/Sevita.png 150w, https:\/\/soycanada.ca\/wp-content\/uploads\/2023\/03\/Sevita-18x9.png 18w, https:\/\/soycanada.ca\/wp-content\/uploads\/2023\/03\/Sevita-120x60.png 120w\" sizes=\"(max-width: 150px) 100vw, 150px\" \/>\t\t\t\t\t\t\t\t<\/a>\n\t\t\t\t\t\t\t\t\t\t\t\t\t\t\t<\/div>\n\t\t\t\t<\/div>\n\t\t\t\t<div class=\"elementor-element elementor-element-dcb2ded elementor-widget elementor-widget-image\" data-id=\"dcb2ded\" data-element_type=\"widget\" data-e-type=\"widget\" data-widget_type=\"image.default\">\n\t\t\t\t<div class=\"elementor-widget-container\">\n\t\t\t\t\t\t\t\t\t\t\t\t\t\t\t\t<a href=\"http:\/\/www.dgglobal.ca\/\" target=\"_blank\">\n\t\t\t\t\t\t\t<img loading=\"lazy\" decoding=\"async\" width=\"250\" height=\"56\" src=\"https:\/\/soycanada.ca\/wp-content\/uploads\/2023\/06\/logo-dgglobal.png\" class=\"attachment-large size-large wp-image-59840\" alt=\"DG Global logo\" srcset=\"https:\/\/soycanada.ca\/wp-content\/uploads\/2023\/06\/logo-dgglobal.png 250w, https:\/\/soycanada.ca\/wp-content\/uploads\/2023\/06\/logo-dgglobal-18x4.png 18w, https:\/\/soycanada.ca\/wp-content\/uploads\/2023\/06\/logo-dgglobal-120x27.png 120w\" sizes=\"(max-width: 250px) 100vw, 250px\" \/>\t\t\t\t\t\t\t\t<\/a>\n\t\t\t\t\t\t\t\t\t\t\t\t\t\t\t<\/div>\n\t\t\t\t<\/div>\n\t\t\t\t\t<\/div>\n\t\t\t\t<\/div>\n\t\t<div class=\"elementor-element elementor-element-fd16dbb e-flex e-con-boxed e-con e-parent\" data-id=\"fd16dbb\" data-element_type=\"container\" data-e-type=\"container\" data-settings=\"{&quot;background_background&quot;:&quot;classic&quot;}\">\n\t\t\t\t\t<div class=\"e-con-inner\">\n\t\t\t\t<div class=\"elementor-element elementor-element-584bfc2 elementor-widget elementor-widget-image\" data-id=\"584bfc2\" data-element_type=\"widget\" data-e-type=\"widget\" data-widget_type=\"image.default\">\n\t\t\t\t<div class=\"elementor-widget-container\">\n\t\t\t\t\t\t\t\t\t\t\t\t\t\t\t<img loading=\"lazy\" decoding=\"async\" width=\"700\" height=\"53\" src=\"https:\/\/soycanada.ca\/wp-content\/uploads\/2024\/01\/SCAP_logoLine-700x53.png\" class=\"attachment-large size-large wp-image-61250\" alt=\"Sustainable Canadian Agricultural Partnership Funded in part by the Government of Canada under the Sustainable Canadian Agricultural Partnership, a federal-provincial-territorial initiative. Canada\" srcset=\"https:\/\/soycanada.ca\/wp-content\/uploads\/2024\/01\/SCAP_logoLine-700x53.png 700w, https:\/\/soycanada.ca\/wp-content\/uploads\/2024\/01\/SCAP_logoLine-250x19.png 250w, https:\/\/soycanada.ca\/wp-content\/uploads\/2024\/01\/SCAP_logoLine-768x58.png 768w, https:\/\/soycanada.ca\/wp-content\/uploads\/2024\/01\/SCAP_logoLine-18x1.png 18w, https:\/\/soycanada.ca\/wp-content\/uploads\/2024\/01\/SCAP_logoLine-900x68.png 900w, https:\/\/soycanada.ca\/wp-content\/uploads\/2024\/01\/SCAP_logoLine-120x9.png 120w, https:\/\/soycanada.ca\/wp-content\/uploads\/2024\/01\/SCAP_logoLine.png 1181w\" sizes=\"(max-width: 700px) 100vw, 700px\" \/>\t\t\t\t\t\t\t\t\t\t\t\t\t\t\t<\/div>\n\t\t\t\t<\/div>\n\t\t\t\t\t<\/div>\n\t\t\t\t<\/div>\n\t\t<div class=\"elementor-element elementor-element-256c17c e-flex e-con-boxed e-con e-parent\" data-id=\"256c17c\" data-element_type=\"container\" data-e-type=\"container\" data-settings=\"{&quot;background_background&quot;:&quot;classic&quot;}\">\n\t\t\t\t\t<div class=\"e-con-inner\">\n\t\t\t\t\t<\/div>\n\t\t\t\t<\/div>\n\t\t\t\t<\/div>","protected":false},"excerpt":{"rendered":"DE QUOI S\u2019AGIT-IL? Le programme Soja durable canadien est un programme de Soja Canada mis en \u0153uvre par les exportateurs et les manutentionnaires de c\u00e9r\u00e9ales canadiens. Il comprend des auto-\u00e9valuations des producteurs et une v\u00e9rification rigoureuse par des tiers, en mettant l\u2019accent sur l\u2019am\u00e9lioration continue. Ces efforts fournissent un approvisionnement en soja durable v\u00e9rifi\u00e9 par des tiers, aidant ainsi les acheteurs \u00e0 atteindre leurs objectifs et leurs exigences en mati\u00e8re d\u2019approvisionnement durable. MAINTENANT DISPONIBLE \u2013 SOJA DURABLE V\u00c9RIFI\u00c9 Du programme\u2026","protected":false},"author":53,"featured_media":0,"parent":59379,"menu_order":0,"comment_status":"closed","ping_status":"closed","template":"page-sustainability-newp1.php","meta":{"_acf_changed":false,"footnotes":""},"class_list":["post-60740","page","type-page","status-publish","hentry"],"acf":[],"aioseo_notices":[],"_links":{"self":[{"href":"https:\/\/soycanada.ca\/fr\/wp-json\/wp\/v2\/pages\/60740","targetHints":{"allow":["GET"]}}],"collection":[{"href":"https:\/\/soycanada.ca\/fr\/wp-json\/wp\/v2\/pages"}],"about":[{"href":"https:\/\/soycanada.ca\/fr\/wp-json\/wp\/v2\/types\/page"}],"author":[{"embeddable":true,"href":"https:\/\/soycanada.ca\/fr\/wp-json\/wp\/v2\/users\/53"}],"replies":[{"embeddable":true,"href":"https:\/\/soycanada.ca\/fr\/wp-json\/wp\/v2\/comments?post=60740"}],"version-history":[{"count":17,"href":"https:\/\/soycanada.ca\/fr\/wp-json\/wp\/v2\/pages\/60740\/revisions"}],"predecessor-version":[{"id":63642,"href":"https:\/\/soycanada.ca\/fr\/wp-json\/wp\/v2\/pages\/60740\/revisions\/63642"}],"up":[{"embeddable":true,"href":"https:\/\/soycanada.ca\/fr\/wp-json\/wp\/v2\/pages\/59379"}],"wp:attachment":[{"href":"https:\/\/soycanada.ca\/fr\/wp-json\/wp\/v2\/media?parent=60740"}],"curies":[{"name":"wp","href":"https:\/\/api.w.org\/{rel}","templated":true}]}}