{"id":60756,"date":"2024-01-22T10:36:35","date_gmt":"2024-01-22T15:36:35","guid":{"rendered":"https:\/\/soycanada.ca\/?page_id=60756"},"modified":"2024-12-02T12:02:53","modified_gmt":"2024-12-02T17:02:53","slug":"information-for-producers","status":"publish","type":"page","link":"https:\/\/soycanada.ca\/fr\/sustainability\/information-for-producers\/","title":{"rendered":"Informations pour les producteurs"},"content":{"rendered":"<div data-elementor-type=\"wp-page\" data-elementor-id=\"60756\" class=\"elementor elementor-60756\" data-elementor-post-type=\"page\">\n\t\t\t\t<div class=\"elementor-element elementor-element-427c15d e-flex e-con-boxed e-con e-parent\" data-id=\"427c15d\" data-element_type=\"container\" data-e-type=\"container\" data-settings=\"{&quot;background_background&quot;:&quot;classic&quot;}\">\n\t\t\t\t\t<div class=\"e-con-inner\">\n\t\t\t\t\t<\/div>\n\t\t\t\t<\/div>\n\t\t<div class=\"elementor-element elementor-element-cda79b7 e-flex e-con-boxed e-con e-parent\" data-id=\"cda79b7\" data-element_type=\"container\" data-e-type=\"container\" data-settings=\"{&quot;background_background&quot;:&quot;classic&quot;}\">\n\t\t\t\t\t<div class=\"e-con-inner\">\n\t\t\t\t<div class=\"elementor-element elementor-element-ee0cefa elementor-widget elementor-widget-heading\" data-id=\"ee0cefa\" data-element_type=\"widget\" data-e-type=\"widget\" data-widget_type=\"heading.default\">\n\t\t\t\t<div class=\"elementor-widget-container\">\n\t\t\t\t\t<h2 class=\"elementor-heading-title elementor-size-default\"><h2 style=\"font-size:240%;color:#81C341;font-weight:600\">POURQUOI LES PRODUCTEURS CANADIENS DE SOYA PARTICIPENT<\/h2><\/h2>\t\t\t\t<\/div>\n\t\t\t\t<\/div>\n\t\t\t\t\t<\/div>\n\t\t\t\t<\/div>\n\t\t<div class=\"elementor-element elementor-element-6d57048 e-flex e-con-boxed e-con e-parent\" data-id=\"6d57048\" data-element_type=\"container\" data-e-type=\"container\" data-settings=\"{&quot;background_background&quot;:&quot;classic&quot;}\">\n\t\t\t\t\t<div class=\"e-con-inner\">\n\t\t\t\t<div class=\"elementor-element elementor-element-ed35c40 elementor-widget elementor-widget-text-editor\" data-id=\"ed35c40\" data-element_type=\"widget\" data-e-type=\"widget\" data-widget_type=\"text-editor.default\">\n\t\t\t\t<div class=\"elementor-widget-container\">\n\t\t\t\t\t\t\t\t\t<div style=\"color: #2b5d1d;\"><h3>G\u00e9n\u00e9rer des opportunit\u00e9s de march\u00e9<\/h3><p>Le programme Soja canadien durable est ax\u00e9 sur le march\u00e9 et garantira un acc\u00e8s continu aux march\u00e9s haut de gamme tout en cr\u00e9ant de nouvelles opportunit\u00e9s de march\u00e9 pour la cha\u00eene de valeur du soja.<\/p><h3>R\u00e9pondre \u00e0 la demande des clients<\/h3><p>Les clients du soja canadien \u00e0 valeur ajout\u00e9e ont demand\u00e9 un programme durable v\u00e9rifiable, et ce programme aide la cha\u00eene de valeur du soja canadien \u00e0 rivaliser pour obtenir des parts de march\u00e9 sur les march\u00e9s nord-am\u00e9ricains et mondiaux.<\/p><h3>D\u00e9montrer des pratiques durables<\/h3><p>Ce programme offre aux agriculteurs l&#039;occasion de d\u00e9montrer \u00e0 l&#039;ensemble de la cha\u00eene de valeur comment ils ont fait progresser les pratiques durables \u00e0 la ferme et les avantages de ces pratiques pour l&#039;environnement, les clients et leurs propres fermes.<\/p><h3>Mesurer les progr\u00e8s<\/h3><p>Gr\u00e2ce au FSA et \u00e0 l&#039;analyse comparative et \u00e0 l&#039;\u00e9valuation de la durabilit\u00e9, les agriculteurs peuvent \u00e9valuer leurs propres m\u00e9thodes de production de soja, acc\u00e9der aux ressources durables et identifier les progr\u00e8s et les opportunit\u00e9s pour am\u00e9liorer continuellement la durabilit\u00e9 de leurs exploitations.<\/p><h3>Am\u00e9liorer la comp\u00e9titivit\u00e9 du march\u00e9<\/h3><p>Les producteurs canadiens de soja ont davantage de possibilit\u00e9s de concurrencer d&#039;autres r\u00e9gions productrices de soja qui ont \u00e9galement adopt\u00e9 des programmes de d\u00e9veloppement durable, notamment le Br\u00e9sil, l&#039;Argentine et les \u00c9tats-Unis.<\/p><\/div>\t\t\t\t\t\t\t\t<\/div>\n\t\t\t\t<\/div>\n\t\t\t\t\t<\/div>\n\t\t\t\t<\/div>\n\t\t<div class=\"elementor-element elementor-element-e74876a e-flex e-con-boxed e-con e-parent\" data-id=\"e74876a\" data-element_type=\"container\" data-e-type=\"container\" data-settings=\"{&quot;background_background&quot;:&quot;classic&quot;}\">\n\t\t\t\t\t<div class=\"e-con-inner\">\n\t\t\t\t\t<\/div>\n\t\t\t\t<\/div>\n\t\t<div class=\"elementor-element elementor-element-d183178 e-flex e-con-boxed e-con e-parent\" data-id=\"d183178\" data-element_type=\"container\" data-e-type=\"container\" data-settings=\"{&quot;background_background&quot;:&quot;classic&quot;}\">\n\t\t\t\t\t<div class=\"e-con-inner\">\n\t\t\t\t<div class=\"elementor-element elementor-element-69eb6b5 elementor-widget elementor-widget-heading\" data-id=\"69eb6b5\" data-element_type=\"widget\" data-e-type=\"widget\" data-widget_type=\"heading.default\">\n\t\t\t\t<div class=\"elementor-widget-container\">\n\t\t\t\t\t<h2 class=\"elementor-heading-title elementor-size-default\"><h2 style=\"font-size:240%;color:#81C341;font-weight:600\">COMMENT PARTICIPER <\/h2><\/h2>\t\t\t\t<\/div>\n\t\t\t\t<\/div>\n\t\t\t\t<div class=\"elementor-element elementor-element-fae2118 elementor-widget elementor-widget-text-editor\" data-id=\"fae2118\" data-element_type=\"widget\" data-e-type=\"widget\" data-widget_type=\"text-editor.default\">\n\t\t\t\t<div class=\"elementor-widget-container\">\n\t\t\t\t\t\t\t\t\t<p>La participation au programme Sustainable Canadian Soy est volontaire et est g\u00e9r\u00e9e par les manutentionnaires et exportateurs de soja canadiens, depuis le processus d&#039;auto-\u00e9valuation initial jusqu&#039;\u00e0 la planification d&#039;am\u00e9lioration continue.<\/p>\n<ol>\n<li style=\"list-style-type: upper-roman\">Les producteurs de soja \u00e0 identit\u00e9 pr\u00e9serv\u00e9e (IP) et de qualit\u00e9 alimentaire int\u00e9ress\u00e9s \u00e0 participer au programme peuvent s&#039;inscrire aupr\u00e8s de leur exportateur ou de leur manutentionnaire de c\u00e9r\u00e9ales. Contactez votre exportateur ou votre manutentionnaire de c\u00e9r\u00e9ales pour voir s&#039;ils participent et cherchent \u00e0 ajouter des producteurs au programme de durabilit\u00e9. La demande de soja dans le cadre du programme Sustainable Canadian Soy se concentre actuellement sur le soja de qualit\u00e9 alimentaire.<\/li><br>\n<li style=\"list-style-type: upper-roman\">Une fois inscrit au programme, la premi\u00e8re \u00e9tape consistera \u00e0 remplir l&#039;\u00e9valuation de la durabilit\u00e9 agricole (FSA), un questionnaire sur la durabilit\u00e9 \u00e0 la ferme sur la viabilit\u00e9 \u00e9conomique, la responsabilit\u00e9 sociale et la gestion de l&#039;environnement. Les producteurs peuvent s\u2019attendre \u00e0 r\u00e9pondre \u00e0 des questions sur la gestion des sols, les produits et pratiques de protection des cultures, la gestion des d\u00e9chets et la gestion des \u00e9l\u00e9ments nutritifs, entre autres. Gr\u00e2ce \u00e0 ce processus, les producteurs effectuent un processus d&#039;auto-\u00e9valuation initial ainsi qu&#039;une planification d&#039;am\u00e9lioration continue.<\/li><br>\n<li style=\"list-style-type: upper-roman\">Un organisme de v\u00e9rification tiers accr\u00e9dit\u00e9 effectuera des audits \u00e0 la ferme pour un \u00e9chantillon de producteurs, afin de garantir que les producteurs mettent en \u0153uvre les pratiques dont ils attestent dans la FSA. Une fois v\u00e9rifi\u00e9es, les lettres d&#039;attestation de la FSA sont \u00e9mises et permettent aux fournisseurs et aux acheteurs de soja canadien de faire des all\u00e9gations de durabilit\u00e9 en toute confiance.<\/li>\n<\/ol>\n\t\t\t\t\t\t\t\t<\/div>\n\t\t\t\t<\/div>\n\t\t\t\t\t<\/div>\n\t\t\t\t<\/div>\n\t\t<div class=\"elementor-element elementor-element-25c62bf e-flex e-con-boxed e-con e-parent\" data-id=\"25c62bf\" data-element_type=\"container\" data-e-type=\"container\" data-settings=\"{&quot;background_background&quot;:&quot;classic&quot;}\">\n\t\t\t\t\t<div class=\"e-con-inner\">\n\t\t\t\t\t<\/div>\n\t\t\t\t<\/div>\n\t\t<div class=\"elementor-element elementor-element-a304cda e-flex e-con-boxed e-con e-parent\" data-id=\"a304cda\" data-element_type=\"container\" data-e-type=\"container\" data-settings=\"{&quot;background_background&quot;:&quot;classic&quot;}\">\n\t\t\t\t\t<div class=\"e-con-inner\">\n\t\t\t\t<div class=\"elementor-element elementor-element-7084925 elementor-widget elementor-widget-heading\" data-id=\"7084925\" data-element_type=\"widget\" data-e-type=\"widget\" data-widget_type=\"heading.default\">\n\t\t\t\t<div class=\"elementor-widget-container\">\n\t\t\t\t\t<h2 class=\"elementor-heading-title elementor-size-default\"><h2 style=\"font-size:240%;color:#81C341;font-weight:600\">RENSEIGNEMENTS SUPPL\u00c9MENTAIRES POUR LES PRODUCTEURS DE SOYA CANADIENS\n<\/h2><\/h2>\t\t\t\t<\/div>\n\t\t\t\t<\/div>\n\t\t\t\t<div class=\"elementor-element elementor-element-84ccb16 elementor-widget elementor-widget-text-editor\" data-id=\"84ccb16\" data-element_type=\"widget\" data-e-type=\"widget\" data-widget_type=\"text-editor.default\">\n\t\t\t\t<div class=\"elementor-widget-container\">\n\t\t\t\t\t\t\t\t\t<p>Il n&#039;y a aucun co\u00fbt suppl\u00e9mentaire pour les producteurs canadiens de soja pour participer au programme. Gr\u00e2ce \u00e0 ce programme, les producteurs peuvent r\u00e9aliser des avantages financiers directs et indirects, comme des opportunit\u00e9s de march\u00e9 \u00e9largies pour leur soja ou une demande accrue.<\/p>\n<p>La participation au programme Soja canadien durable n&#039;est pas li\u00e9e \u00e0 d&#039;autres march\u00e9s du carbone ou \u00e0 des programmes gouvernementaux tels que le Fonds d&#039;action climatique \u00e0 la ferme. \u00c0 notre connaissance, la participation au programme n&#039;emp\u00eache pas un producteur de participer ou de b\u00e9n\u00e9ficier de programmes qui r\u00e9compensent des pratiques sp\u00e9cifiques qui r\u00e9duisent ou pr\u00e9viennent les \u00e9missions ou produisent d&#039;autres r\u00e9sultats environnementaux. Les producteurs doivent v\u00e9rifier les conditions d\u2019\u00e9ligibilit\u00e9 des autres programmes et march\u00e9s de d\u00e9veloppement durable auxquels ils participent pour confirmer.\n<\/p>\n\t\t\t\t\t\t\t\t<\/div>\n\t\t\t\t<\/div>\n\t\t\t\t<div class=\"elementor-element elementor-element-730e53c elementor-widget elementor-widget-heading\" data-id=\"730e53c\" data-element_type=\"widget\" data-e-type=\"widget\" data-widget_type=\"heading.default\">\n\t\t\t\t<div class=\"elementor-widget-container\">\n\t\t\t\t\t<h2 class=\"elementor-heading-title elementor-size-default\"><h2 style=\"font-size:240%;color:#81C341;font-weight:600\">COMMENT LE PROGRAMME CANADIEN SUR LE SOJA A \u00c9T\u00c9 D\u00c9VELOPP\u00c9<\/h2><\/h2>\t\t\t\t<\/div>\n\t\t\t\t<\/div>\n\t\t\t\t<div class=\"elementor-element elementor-element-08a918d elementor-widget elementor-widget-text-editor\" data-id=\"08a918d\" data-element_type=\"widget\" data-e-type=\"widget\" data-widget_type=\"text-editor.default\">\n\t\t\t\t<div class=\"elementor-widget-container\">\n\t\t\t\t\t\t\t\t\t<p>Dirig\u00e9 par Soy Canada, le programme a \u00e9t\u00e9 \u00e9labor\u00e9 \u00e0 la suite de vastes consultations aupr\u00e8s des agriculteurs et de l&#039;ensemble de l&#039;industrie. Tout au long du processus, l&#039;ensemble de la cha\u00eene de valeur du soja canadien a \u00e9t\u00e9 consult\u00e9, y compris les associations de producteurs et de c\u00e9r\u00e9ales. De plus, des consultations cibl\u00e9es aupr\u00e8s de 25 organisations diff\u00e9rentes, y compris des manutentionnaires et transformateurs de grains membres et non membres, ont \u00e9t\u00e9 men\u00e9es.<\/p>\n<p>Par l\u2019interm\u00e9diaire de la FSA, le programme Sustainable Canadian Soy donne la priorit\u00e9 \u00e0 l\u2019alignement de ses pratiques sur les normes mondiales harmonis\u00e9es accept\u00e9es par les acheteurs qui valorisent la durabilit\u00e9. Cela d\u00e9montre l&#039;engagement de l&#039;industrie canadienne du soja envers un avenir durable. La v\u00e9rification FSA fournit un syst\u00e8me coh\u00e9rent pour am\u00e9liorer et valider la durabilit\u00e9 \u00e0 la ferme dans les cha\u00eenes d&#039;approvisionnement.<\/p>\n\t\t\t\t\t\t\t\t<\/div>\n\t\t\t\t<\/div>\n\t\t\t\t<div class=\"elementor-element elementor-element-912ac05 elementor-widget elementor-widget-image\" data-id=\"912ac05\" data-element_type=\"widget\" data-e-type=\"widget\" data-widget_type=\"image.default\">\n\t\t\t\t<div class=\"elementor-widget-container\">\n\t\t\t\t\t\t\t\t\t\t\t\t\t\t\t<img decoding=\"async\" width=\"700\" height=\"53\" src=\"https:\/\/soycanada.ca\/wp-content\/uploads\/2024\/01\/SCAP_logoLine-700x53.png\" class=\"attachment-large size-large wp-image-61250\" alt=\"Sustainable Canadian Agricultural Partnership Funded in part by the Government of Canada under the Sustainable Canadian Agricultural Partnership, a federal-provincial-territorial initiative. Canada\" srcset=\"https:\/\/soycanada.ca\/wp-content\/uploads\/2024\/01\/SCAP_logoLine-700x53.png 700w, https:\/\/soycanada.ca\/wp-content\/uploads\/2024\/01\/SCAP_logoLine-250x19.png 250w, https:\/\/soycanada.ca\/wp-content\/uploads\/2024\/01\/SCAP_logoLine-768x58.png 768w, https:\/\/soycanada.ca\/wp-content\/uploads\/2024\/01\/SCAP_logoLine-18x1.png 18w, https:\/\/soycanada.ca\/wp-content\/uploads\/2024\/01\/SCAP_logoLine-900x68.png 900w, https:\/\/soycanada.ca\/wp-content\/uploads\/2024\/01\/SCAP_logoLine-120x9.png 120w, https:\/\/soycanada.ca\/wp-content\/uploads\/2024\/01\/SCAP_logoLine.png 1181w\" sizes=\"(max-width: 700px) 100vw, 700px\" \/>\t\t\t\t\t\t\t\t\t\t\t\t\t\t\t<\/div>\n\t\t\t\t<\/div>\n\t\t\t\t\t<\/div>\n\t\t\t\t<\/div>\n\t\t<div class=\"elementor-element elementor-element-256c17c e-flex e-con-boxed e-con e-parent\" data-id=\"256c17c\" data-element_type=\"container\" data-e-type=\"container\" data-settings=\"{&quot;background_background&quot;:&quot;classic&quot;}\">\n\t\t\t\t\t<div class=\"e-con-inner\">\n\t\t\t\t\t<\/div>\n\t\t\t\t<\/div>\n\t\t\t\t<\/div>","protected":false},"excerpt":{"rendered":"POURQUOI LES PRODUCTEURS DE SOJA CANADIENS PARTICIPENT-ILS ? Favoriser les d\u00e9bouch\u00e9s commerciaux Le programme Soja canadien durable est ax\u00e9 sur le march\u00e9 et garantira un acc\u00e8s continu aux march\u00e9s haut de gamme ainsi que cr\u00e9era de nouveaux d\u00e9bouch\u00e9s commerciaux pour la cha\u00eene de valeur du soja. R\u00e9pondre \u00e0 la demande des clients Les clients de soja canadien \u00e0 valeur ajout\u00e9e ont demand\u00e9 un programme durable v\u00e9rifiable, et ce programme aide la cha\u00eene de valeur du soja canadien\u2026","protected":false},"author":53,"featured_media":0,"parent":59379,"menu_order":0,"comment_status":"closed","ping_status":"closed","template":"page-sustainability-newp2.php","meta":{"_acf_changed":false,"footnotes":""},"class_list":["post-60756","page","type-page","status-publish","hentry"],"acf":[],"aioseo_notices":[],"_links":{"self":[{"href":"https:\/\/soycanada.ca\/fr\/wp-json\/wp\/v2\/pages\/60756","targetHints":{"allow":["GET"]}}],"collection":[{"href":"https:\/\/soycanada.ca\/fr\/wp-json\/wp\/v2\/pages"}],"about":[{"href":"https:\/\/soycanada.ca\/fr\/wp-json\/wp\/v2\/types\/page"}],"author":[{"embeddable":true,"href":"https:\/\/soycanada.ca\/fr\/wp-json\/wp\/v2\/users\/53"}],"replies":[{"embeddable":true,"href":"https:\/\/soycanada.ca\/fr\/wp-json\/wp\/v2\/comments?post=60756"}],"version-history":[{"count":2,"href":"https:\/\/soycanada.ca\/fr\/wp-json\/wp\/v2\/pages\/60756\/revisions"}],"predecessor-version":[{"id":62556,"href":"https:\/\/soycanada.ca\/fr\/wp-json\/wp\/v2\/pages\/60756\/revisions\/62556"}],"up":[{"embeddable":true,"href":"https:\/\/soycanada.ca\/fr\/wp-json\/wp\/v2\/pages\/59379"}],"wp:attachment":[{"href":"https:\/\/soycanada.ca\/fr\/wp-json\/wp\/v2\/media?parent=60756"}],"curies":[{"name":"wp","href":"https:\/\/api.w.org\/{rel}","templated":true}]}}