{"id":83,"date":"2015-06-08T19:59:52","date_gmt":"2015-06-08T23:59:52","guid":{"rendered":"https:\/\/soycanada.ca\/?page_id=83"},"modified":"2022-10-20T15:02:12","modified_gmt":"2022-10-20T19:02:12","slug":"canadian-advantages","status":"publish","type":"page","link":"https:\/\/soycanada.ca\/fr\/industry\/canadian-advantages\/","title":{"rendered":"Avantages canadiens"},"content":{"rendered":"<p><strong>Conditions de croissance sup\u00e9rieures<\/strong><\/p>\n<p>Le Canada est envi\u00e9 dans le monde entier pour son air pur, ses terres agricoles productives et ses eaux cristallines. Nos vastes \u00e9tendues de terres agricoles ont des sols profonds et fertiles pour soutenir des racines saines et des cultures de soja fortes et productives \u00e0 des fins alimentaires et de base.<\/p>\n<p>Les agriculteurs canadiens sont des intendants de la terre hautement qualifi\u00e9s et bien inform\u00e9s qui font bon usage de ces avantages naturels. Ils maintiennent des rendements de soja constants en investissant dans des \u00e9quipements et des technologies de pointe, et ils maintiennent la sant\u00e9 des sols gr\u00e2ce \u00e0 un travail du sol r\u00e9duit, des rotations de cultures bien planifi\u00e9es et une bonne gestion des ravageurs. Les agriculteurs sont assist\u00e9s par un vaste r\u00e9seau d&#039;agronomes publics et priv\u00e9s et d&#039;agronomes qui les conseillent sur les pratiques optimales de plantation, de nutrition des cultures, de lutte antiparasitaire et de r\u00e9colte.<\/p>\n<p><strong>Programmes d&#039;\u00e9levage progressifs<\/strong><\/p>\n<p>La haute qualit\u00e9 commence au stade de la s\u00e9lection et du d\u00e9veloppement qui, au Canada, b\u00e9n\u00e9ficie \u00e0 la fois des <a href=\"\/fr\/industry\/seed-innovation\/\">recherche publique et priv\u00e9e<\/a>. Les universit\u00e9s, les agences gouvernementales et les entreprises semenci\u00e8res d\u00e9veloppent des caract\u00e9ristiques adapt\u00e9es aux sp\u00e9cifications des clients internationaux. Des tests et une s\u00e9lection approfondis sur le terrain garantissent que seules les meilleures vari\u00e9t\u00e9s sont introduites dans la production commerciale.<\/p>\n<p><strong>R\u00e9pondre aux normes mondiales <\/strong><\/p>\n<p>Les syst\u00e8mes d&#039;assurance et de certification de la qualit\u00e9 du Canada sont parmi les meilleurs au monde. Des tests minutieux et une surveillance par le <a href=\"https:\/\/www.grainscanada.gc.ca\/en\/index.html\" target=\"_new\" rel=\"noopener noreferrer\">Commission canadienne des grains<\/a> (CGC) assure une qualit\u00e9, une s\u00e9curit\u00e9 et un respect \u00e9lev\u00e9s des processus d&#039;approbation des biotechnologies des pays importateurs.<\/p>\n<p>L&#039;un des services de CGC est la <a href=\"https:\/\/www.grainscanada.gc.ca\/en\/grain-quality\/\" target=\"_new\" rel=\"noopener noreferrer\">Rapport sur la qualit\u00e9 de la r\u00e9colte et de l&#039;exportation<\/a>, une \u00e9valuation annuelle de la qualit\u00e9 de la r\u00e9colte de toutes les principales c\u00e9r\u00e9ales et graines de soja cultiv\u00e9es au Canada. Gr\u00e2ce \u00e0 l&#039;analyse scientifique d&#039;\u00e9chantillons fournis par les agriculteurs, le programme surveille la qualit\u00e9 globale de la composition de la r\u00e9colte dans les r\u00e9gions de culture et les ann\u00e9es de r\u00e9colte.<\/p>\n<p>Le Canada offre \u00e9galement la plus int\u00e9gr\u00e9e au monde <a href=\"\/fr\/industry\/identity-preservation\/\">Syst\u00e8me d&#039;identit\u00e9 pr\u00e9serv\u00e9e<\/a>, qui a un record in\u00e9gal\u00e9 pour suivre la production et la manipulation de soja de qualit\u00e9 alimentaire et de sp\u00e9cialit\u00e9, et assurer leur livraison aux bons clients.<\/p>\n<p><strong>Une infrastructure fiable, pr\u00eate \u00e0 livrer <\/strong><\/p>\n<p>En tant que l&#039;une des plus grandes \u00e9conomies productrices d&#039;aliments au monde, le Canada est profond\u00e9ment investi dans le secteur de la manutention du grain. Cet engagement signifie que les importateurs peuvent compter sur une livraison rapide, efficace et fiable, ce qui se traduit en fin de compte par une meilleure valeur lors de l&#039;achat de soya canadien.<\/p>\n<p class=\"translation-block\">Les entreprises c\u00e9r\u00e9ali\u00e8res canadiennes \u00e9largissent constamment leur r\u00e9seau de silos \u00e0 haut rendement et de terminaux int\u00e9rieurs reli\u00e9s aux ports par des r\u00e9seaux ferroviaires et routiers. Des centaines de silos \u00e0 grains modernes et de haute qualit\u00e9 sont pr\u00eats \u00e0 stocker et \u00e0 transporter de grandes quantit\u00e9s de soja de la ferme au march\u00e9. Bon nombre d&#039;entre eux peuvent distinguer des vari\u00e9t\u00e9s sp\u00e9cifiques et des caract\u00e9ristiques sp\u00e9ciales pour les acheteurs \u00e0 l&#039;aide du <a href=\"\/fr\/industry\/identity-preservation\/\" target=\"_self\">Syst\u00e8me canadien de reconnaissance et de pr\u00e9servation de l&#039;identit\u00e9<\/a> .<\/p>\n<p>Dans les ports de la c\u00f4te ouest et de l&#039;est du Canada, les installations d&#039;exportation ont la capacit\u00e9 de charger de gros navires, ce qui en fait une excellente alternative au d\u00e9part du golfe des \u00c9tats-Unis ou de l&#039;Am\u00e9rique du Sud.<\/p>","protected":false},"excerpt":{"rendered":"Conditions de croissance sup\u00e9rieures Le Canada est envi\u00e9 dans le monde entier pour son air pur, ses terres agricoles productives et ses eaux cristallines. Nos vastes \u00e9tendues de terres agricoles ont des sols profonds et fertiles pour soutenir des racines saines et des cultures de soja fortes et productives \u00e0 des fins alimentaires et de base. Les agriculteurs canadiens sont des intendants de la terre hautement qualifi\u00e9s et avertis qui font bon usage de ces\u2026","protected":false},"author":2,"featured_media":0,"parent":8,"menu_order":1,"comment_status":"closed","ping_status":"closed","template":"","meta":{"_acf_changed":false,"footnotes":""},"class_list":["post-83","page","type-page","status-publish","hentry"],"acf":[],"aioseo_notices":[],"_links":{"self":[{"href":"https:\/\/soycanada.ca\/fr\/wp-json\/wp\/v2\/pages\/83","targetHints":{"allow":["GET"]}}],"collection":[{"href":"https:\/\/soycanada.ca\/fr\/wp-json\/wp\/v2\/pages"}],"about":[{"href":"https:\/\/soycanada.ca\/fr\/wp-json\/wp\/v2\/types\/page"}],"author":[{"embeddable":true,"href":"https:\/\/soycanada.ca\/fr\/wp-json\/wp\/v2\/users\/2"}],"replies":[{"embeddable":true,"href":"https:\/\/soycanada.ca\/fr\/wp-json\/wp\/v2\/comments?post=83"}],"version-history":[{"count":0,"href":"https:\/\/soycanada.ca\/fr\/wp-json\/wp\/v2\/pages\/83\/revisions"}],"up":[{"embeddable":true,"href":"https:\/\/soycanada.ca\/fr\/wp-json\/wp\/v2\/pages\/8"}],"wp:attachment":[{"href":"https:\/\/soycanada.ca\/fr\/wp-json\/wp\/v2\/media?parent=83"}],"curies":[{"name":"wp","href":"https:\/\/api.w.org\/{rel}","templated":true}]}}